{"id":103,"date":"2021-01-22T18:31:44","date_gmt":"2021-01-22T23:31:44","guid":{"rendered":"https:\/\/www.adondequierenir.com\/index.php\/humedales-en-cali\/"},"modified":"2024-02-03T19:53:24","modified_gmt":"2024-02-04T00:53:24","slug":"humedales-en-cali","status":"publish","type":"page","link":"https:\/\/www.adondequierenir.com\/index.php\/humedales-en-cali\/","title":{"rendered":"HUMEDALES EN CALI"},"content":{"rendered":"<p style=\"text-align: center;\">\n<p>LOS HUMEDALES Y SU IMPORTANCIA:<br \/>\nLos humedales cumplen funciones ecol\u00f3gicas fundamentales como ser reguladores de los reg\u00edmenes hidrol\u00f3gicos, prevenir inundaciones, servir de h\u00e1bitat para la diversidad de flora y fauna, controlar la erosi\u00f3n, adem\u00e1s de ser purificadores de agua y ser una excelente oferta para la recreaci\u00f3n y turismo ecol\u00f3gico.<\/p>\n<p>Recuerde<\/p>\n<p>\u2022 El D\u00eda Internacional de los Humedales, se celebra el mes de febrero.<br \/>\nEstos son algunos sitios en Cali para recorrer y pasar un agradable dia en familia.<br \/>\nMAPA RUTA VERDE EN CALI<\/p>\n<p>PAUTAS Y\u00a0 MEDIDAS PARA EL CUIDADO Y DISFRUTE DE NUESTRAS RUTAS VERDES<br \/>\nHumedal Lago de la Babilla o Lago de Los Cisnes<\/p>\n<p>Ecoparque Lago de Las Garzas<br \/>\nFLORA Y FAUNA DE CALI<\/p>\n<p>HUMEDAL EL LIMONAR<\/p>\n<p>Otros sitios para visitar son:<\/p>\n<p>Ecoparque Rio Pance<br \/>\nFLORA Y FAUNA DEL PARQUE RIO PANCE<br \/>\nAcueducto de San Antonio<br \/>\nCorredor Rio Cali<\/p>\n<p>FLORA Y FAUNA DEL RIO CALI<br \/>\nCorredor Rio Lili<\/p>\n<p>CORREDOR JARDIN BOTANICO DE CALI<br \/>\nFLORA Y FAUNA DEL JARDIN BOTANICO DE CALI<\/p>\n<p style=\"text-align: center;\"><img decoding=\"async\" src=\"images\/img_lugares_cali\/corredor_rio_lili.jpg\" alt=\"\" border=\"0\" \/><\/p>\n<p style=\"text-align: center;\"><img decoding=\"async\" src=\"images\/img_lugares_cali\/corredor-rio-lili.jpg\" alt=\"\" \/><\/p>\n<p style=\"text-align: center;\"><img decoding=\"async\" src=\"images\/img_lugares_cali\/fauna-rio-lili.jpg\" alt=\"\" \/><\/p>\n<p style=\"text-align: center;\"><img decoding=\"async\" src=\"images\/img_lugares_cali\/fauna-jardin-botanico-cali.jpg\" alt=\"\" \/><\/p>\n<p style=\"text-align: justify;\">\n","protected":false},"excerpt":{"rendered":"<p>LOS HUMEDALES Y SU IMPORTANCIA: Los humedales cumplen funciones ecol\u00f3gicas fundamentales como ser reguladores de los reg\u00edmenes hidrol\u00f3gicos, prevenir inundaciones, servir de h\u00e1bitat para la diversidad de flora y fauna, controlar la erosi\u00f3n, adem\u00e1s de &hellip; <\/p>\n","protected":false},"author":1,"featured_media":628,"parent":0,"menu_order":8,"comment_status":"closed","ping_status":"closed","template":"","meta":{"footnotes":""},"class_list":["post-103","page","type-page","status-publish","has-post-thumbnail","hentry"],"yoast_head":"<!-- This site is optimized with the Yoast SEO plugin v26.8 - https:\/\/yoast.com\/product\/yoast-seo-wordpress\/ -->\n<title>HUMEDALES EN CALI - Bienvenido a Adondequierenir.com<\/title>\n<meta name=\"robots\" content=\"index, follow, max-snippet:-1, max-image-preview:large, max-video-preview:-1\" \/>\n<link rel=\"canonical\" href=\"https:\/\/www.adondequierenir.com\/index.php\/humedales-en-cali\/\" \/>\n<meta property=\"og:locale\" content=\"es_ES\" \/>\n<meta property=\"og:type\" content=\"article\" \/>\n<meta property=\"og:title\" content=\"HUMEDALES EN CALI - Bienvenido a Adondequierenir.com\" \/>\n<meta property=\"og:description\" content=\"LOS HUMEDALES Y SU IMPORTANCIA: Los humedales cumplen funciones ecol\u00f3gicas fundamentales como ser reguladores de los reg\u00edmenes hidrol\u00f3gicos, prevenir inundaciones, servir de h\u00e1bitat para la diversidad de flora y fauna, controlar la erosi\u00f3n, adem\u00e1s de &hellip;\" \/>\n<meta property=\"og:url\" content=\"https:\/\/www.adondequierenir.com\/index.php\/humedales-en-cali\/\" \/>\n<meta property=\"og:site_name\" content=\"Bienvenido a Adondequierenir.com\" \/>\n<meta property=\"article:publisher\" content=\"https:\/\/www.facebook.com\/adonde.q.ir\" \/>\n<meta property=\"article:modified_time\" content=\"2024-02-04T00:53:24+00:00\" \/>\n<meta property=\"og:image\" content=\"https:\/\/www.adondequierenir.com\/wp-content\/uploads\/2023\/11\/20231022_152452-scaled.jpg\" \/>\n\t<meta property=\"og:image:width\" content=\"2560\" \/>\n\t<meta property=\"og:image:height\" content=\"1154\" \/>\n\t<meta property=\"og:image:type\" content=\"image\/jpeg\" \/>\n<meta name=\"twitter:card\" content=\"summary_large_image\" \/>\n<meta name=\"twitter:label1\" content=\"Tiempo de lectura\" \/>\n\t<meta name=\"twitter:data1\" content=\"2 minutos\" \/>\n<script type=\"application\/ld+json\" class=\"yoast-schema-graph\">{\"@context\":\"https:\/\/schema.org\",\"@graph\":[{\"@type\":\"WebPage\",\"@id\":\"https:\/\/www.adondequierenir.com\/index.php\/humedales-en-cali\/\",\"url\":\"https:\/\/www.adondequierenir.com\/index.php\/humedales-en-cali\/\",\"name\":\"HUMEDALES EN CALI - Bienvenido a Adondequierenir.com\",\"isPartOf\":{\"@id\":\"https:\/\/www.adondequierenir.com\/#website\"},\"primaryImageOfPage\":{\"@id\":\"https:\/\/www.adondequierenir.com\/index.php\/humedales-en-cali\/#primaryimage\"},\"image\":{\"@id\":\"https:\/\/www.adondequierenir.com\/index.php\/humedales-en-cali\/#primaryimage\"},\"thumbnailUrl\":\"https:\/\/www.adondequierenir.com\/wp-content\/uploads\/2023\/11\/20231022_152452-scaled.jpg\",\"datePublished\":\"2021-01-22T23:31:44+00:00\",\"dateModified\":\"2024-02-04T00:53:24+00:00\",\"breadcrumb\":{\"@id\":\"https:\/\/www.adondequierenir.com\/index.php\/humedales-en-cali\/#breadcrumb\"},\"inLanguage\":\"es-CO\",\"potentialAction\":[{\"@type\":\"ReadAction\",\"target\":[\"https:\/\/www.adondequierenir.com\/index.php\/humedales-en-cali\/\"]}]},{\"@type\":\"ImageObject\",\"inLanguage\":\"es-CO\",\"@id\":\"https:\/\/www.adondequierenir.com\/index.php\/humedales-en-cali\/#primaryimage\",\"url\":\"https:\/\/www.adondequierenir.com\/wp-content\/uploads\/2023\/11\/20231022_152452-scaled.jpg\",\"contentUrl\":\"https:\/\/www.adondequierenir.com\/wp-content\/uploads\/2023\/11\/20231022_152452-scaled.jpg\",\"width\":2560,\"height\":1154},{\"@type\":\"BreadcrumbList\",\"@id\":\"https:\/\/www.adondequierenir.com\/index.php\/humedales-en-cali\/#breadcrumb\",\"itemListElement\":[{\"@type\":\"ListItem\",\"position\":1,\"name\":\"Inicio\",\"item\":\"https:\/\/www.adondequierenir.com\/\"},{\"@type\":\"ListItem\",\"position\":2,\"name\":\"HUMEDALES EN CALI\"}]},{\"@type\":\"WebSite\",\"@id\":\"https:\/\/www.adondequierenir.com\/#website\",\"url\":\"https:\/\/www.adondequierenir.com\/\",\"name\":\"Bienvenido a Adondequierenir.com\",\"description\":\"\",\"publisher\":{\"@id\":\"https:\/\/www.adondequierenir.com\/#\/schema\/person\/83485548bc9e14e5d02478eab46f9302\"},\"potentialAction\":[{\"@type\":\"SearchAction\",\"target\":{\"@type\":\"EntryPoint\",\"urlTemplate\":\"https:\/\/www.adondequierenir.com\/?s={search_term_string}\"},\"query-input\":{\"@type\":\"PropertyValueSpecification\",\"valueRequired\":true,\"valueName\":\"search_term_string\"}}],\"inLanguage\":\"es-CO\"},{\"@type\":[\"Person\",\"Organization\"],\"@id\":\"https:\/\/www.adondequierenir.com\/#\/schema\/person\/83485548bc9e14e5d02478eab46f9302\",\"name\":\"p@m@rt1n\",\"image\":{\"@type\":\"ImageObject\",\"inLanguage\":\"es-CO\",\"@id\":\"https:\/\/www.adondequierenir.com\/#\/schema\/person\/image\/\",\"url\":\"https:\/\/www.adondequierenir.com\/wp-content\/uploads\/2023\/11\/59132335-e1e2-4bf2-8d9a-1993d6e55eac.jpeg\",\"contentUrl\":\"https:\/\/www.adondequierenir.com\/wp-content\/uploads\/2023\/11\/59132335-e1e2-4bf2-8d9a-1993d6e55eac.jpeg\",\"width\":1024,\"height\":1024,\"caption\":\"p@m@rt1n\"},\"logo\":{\"@id\":\"https:\/\/www.adondequierenir.com\/#\/schema\/person\/image\/\"},\"sameAs\":[\"https:\/\/www.adondequierenir.com\",\"https:\/\/www.facebook.com\/adonde.q.ir\"]}]}<\/script>\n<!-- \/ Yoast SEO plugin. -->","yoast_head_json":{"title":"HUMEDALES EN CALI - Bienvenido a Adondequierenir.com","robots":{"index":"index","follow":"follow","max-snippet":"max-snippet:-1","max-image-preview":"max-image-preview:large","max-video-preview":"max-video-preview:-1"},"canonical":"https:\/\/www.adondequierenir.com\/index.php\/humedales-en-cali\/","og_locale":"es_ES","og_type":"article","og_title":"HUMEDALES EN CALI - Bienvenido a Adondequierenir.com","og_description":"LOS HUMEDALES Y SU IMPORTANCIA: Los humedales cumplen funciones ecol\u00f3gicas fundamentales como ser reguladores de los reg\u00edmenes hidrol\u00f3gicos, prevenir inundaciones, servir de h\u00e1bitat para la diversidad de flora y fauna, controlar la erosi\u00f3n, adem\u00e1s de &hellip;","og_url":"https:\/\/www.adondequierenir.com\/index.php\/humedales-en-cali\/","og_site_name":"Bienvenido a Adondequierenir.com","article_publisher":"https:\/\/www.facebook.com\/adonde.q.ir","article_modified_time":"2024-02-04T00:53:24+00:00","og_image":[{"width":2560,"height":1154,"url":"https:\/\/www.adondequierenir.com\/wp-content\/uploads\/2023\/11\/20231022_152452-scaled.jpg","type":"image\/jpeg"}],"twitter_card":"summary_large_image","twitter_misc":{"Tiempo de lectura":"2 minutos"},"schema":{"@context":"https:\/\/schema.org","@graph":[{"@type":"WebPage","@id":"https:\/\/www.adondequierenir.com\/index.php\/humedales-en-cali\/","url":"https:\/\/www.adondequierenir.com\/index.php\/humedales-en-cali\/","name":"HUMEDALES EN CALI - Bienvenido a Adondequierenir.com","isPartOf":{"@id":"https:\/\/www.adondequierenir.com\/#website"},"primaryImageOfPage":{"@id":"https:\/\/www.adondequierenir.com\/index.php\/humedales-en-cali\/#primaryimage"},"image":{"@id":"https:\/\/www.adondequierenir.com\/index.php\/humedales-en-cali\/#primaryimage"},"thumbnailUrl":"https:\/\/www.adondequierenir.com\/wp-content\/uploads\/2023\/11\/20231022_152452-scaled.jpg","datePublished":"2021-01-22T23:31:44+00:00","dateModified":"2024-02-04T00:53:24+00:00","breadcrumb":{"@id":"https:\/\/www.adondequierenir.com\/index.php\/humedales-en-cali\/#breadcrumb"},"inLanguage":"es-CO","potentialAction":[{"@type":"ReadAction","target":["https:\/\/www.adondequierenir.com\/index.php\/humedales-en-cali\/"]}]},{"@type":"ImageObject","inLanguage":"es-CO","@id":"https:\/\/www.adondequierenir.com\/index.php\/humedales-en-cali\/#primaryimage","url":"https:\/\/www.adondequierenir.com\/wp-content\/uploads\/2023\/11\/20231022_152452-scaled.jpg","contentUrl":"https:\/\/www.adondequierenir.com\/wp-content\/uploads\/2023\/11\/20231022_152452-scaled.jpg","width":2560,"height":1154},{"@type":"BreadcrumbList","@id":"https:\/\/www.adondequierenir.com\/index.php\/humedales-en-cali\/#breadcrumb","itemListElement":[{"@type":"ListItem","position":1,"name":"Inicio","item":"https:\/\/www.adondequierenir.com\/"},{"@type":"ListItem","position":2,"name":"HUMEDALES EN CALI"}]},{"@type":"WebSite","@id":"https:\/\/www.adondequierenir.com\/#website","url":"https:\/\/www.adondequierenir.com\/","name":"Bienvenido a Adondequierenir.com","description":"","publisher":{"@id":"https:\/\/www.adondequierenir.com\/#\/schema\/person\/83485548bc9e14e5d02478eab46f9302"},"potentialAction":[{"@type":"SearchAction","target":{"@type":"EntryPoint","urlTemplate":"https:\/\/www.adondequierenir.com\/?s={search_term_string}"},"query-input":{"@type":"PropertyValueSpecification","valueRequired":true,"valueName":"search_term_string"}}],"inLanguage":"es-CO"},{"@type":["Person","Organization"],"@id":"https:\/\/www.adondequierenir.com\/#\/schema\/person\/83485548bc9e14e5d02478eab46f9302","name":"p@m@rt1n","image":{"@type":"ImageObject","inLanguage":"es-CO","@id":"https:\/\/www.adondequierenir.com\/#\/schema\/person\/image\/","url":"https:\/\/www.adondequierenir.com\/wp-content\/uploads\/2023\/11\/59132335-e1e2-4bf2-8d9a-1993d6e55eac.jpeg","contentUrl":"https:\/\/www.adondequierenir.com\/wp-content\/uploads\/2023\/11\/59132335-e1e2-4bf2-8d9a-1993d6e55eac.jpeg","width":1024,"height":1024,"caption":"p@m@rt1n"},"logo":{"@id":"https:\/\/www.adondequierenir.com\/#\/schema\/person\/image\/"},"sameAs":["https:\/\/www.adondequierenir.com","https:\/\/www.facebook.com\/adonde.q.ir"]}]}},"_links":{"self":[{"href":"https:\/\/www.adondequierenir.com\/index.php\/wp-json\/wp\/v2\/pages\/103","targetHints":{"allow":["GET"]}}],"collection":[{"href":"https:\/\/www.adondequierenir.com\/index.php\/wp-json\/wp\/v2\/pages"}],"about":[{"href":"https:\/\/www.adondequierenir.com\/index.php\/wp-json\/wp\/v2\/types\/page"}],"author":[{"embeddable":true,"href":"https:\/\/www.adondequierenir.com\/index.php\/wp-json\/wp\/v2\/users\/1"}],"replies":[{"embeddable":true,"href":"https:\/\/www.adondequierenir.com\/index.php\/wp-json\/wp\/v2\/comments?post=103"}],"version-history":[{"count":2,"href":"https:\/\/www.adondequierenir.com\/index.php\/wp-json\/wp\/v2\/pages\/103\/revisions"}],"predecessor-version":[{"id":968,"href":"https:\/\/www.adondequierenir.com\/index.php\/wp-json\/wp\/v2\/pages\/103\/revisions\/968"}],"wp:featuredmedia":[{"embeddable":true,"href":"https:\/\/www.adondequierenir.com\/index.php\/wp-json\/wp\/v2\/media\/628"}],"wp:attachment":[{"href":"https:\/\/www.adondequierenir.com\/index.php\/wp-json\/wp\/v2\/media?parent=103"}],"curies":[{"name":"wp","href":"https:\/\/api.w.org\/{rel}","templated":true}]}}