{"id":104,"date":"2021-01-25T18:31:56","date_gmt":"2021-01-25T23:31:56","guid":{"rendered":"https:\/\/www.adondequierenir.com\/index.php\/el-queremal-valle-del-cauca\/"},"modified":"2021-01-25T18:31:56","modified_gmt":"2021-01-25T23:31:56","slug":"el-queremal-valle-del-cauca","status":"publish","type":"page","link":"https:\/\/www.adondequierenir.com\/index.php\/el-queremal-valle-del-cauca\/","title":{"rendered":"El Queremal Valle del Cauca"},"content":{"rendered":"<h1><strong>ATRACTIVOS TURISTICOS DEL MUNICIPIO DE DAGUA:<\/strong><\/h1>\n<p><span style=\"color: #ff0000;\"><strong>Proximo mes de octubre\u00a0 2021\u00a0\u00a0llega el Encuentro de musica Colombiana y Andina.<\/strong><\/span><\/p>\n<p>La fundaci\u00f3n del Municipio de Dagua, no es muy clara, pues ella se remonta a 1830, su cabecera Municipal fue fundada el 20 de julio de 1909, por la creaci\u00f3n del ferrocarril. El Municipio se encuentra ubicado en el sur-occidente del Valle del Cauca, entre dos importantes ciudades, como son Cali y Buenaventura, con quienes se comunica por la carretera Cabal Pombo y la antigua v\u00eda Sim\u00f3n Bol\u00edvar es el tercer Municipio en extensi\u00f3n del Valle del Cauca, por lo que tiene diversos climas y paisajes, como e l fri\u00f3, con bosques de neblina en El Km 18, El Queremal, Tocota, Providencia. El seco y calido en Enclave Subxerofitico, de la Cuenca baja del R\u00edo Dagua y el h\u00famedo y calido de la cuenc a del Anchicaya Dagua es tambi\u00e9n la \u201cPuerta del Pacifico\u201d\u00a0<\/p>\n<p><strong>Torre MUD\u00c9JAR san jose del salado, El Queremal, Dagua Valle<\/strong><br \/>Con 500 a\u00f1os de construida la torrre MUD\u00c9JAR es uno de los atractivos turisticos de El Queremal, a 1 hora de CAli Colombia, en la antigua via al mar, disfruta del clima y de la naturaleza<\/p>\n<p><img loading=\"lazy\" decoding=\"async\" style=\"display: block; margin-left: auto; margin-right: auto;\" src=\"images\/2021\/torre_mudejar.jpg\" alt=\"\" width=\"722\" height=\"1280\" \/><\/p>\n<p>Los lugares m\u00e1s tur\u00edsticos, donde se han construido parcelaciones y condominios, son: El Queremal, El Carmen, Tocot\u00e1, San Bernardo, El Jord\u00e1n, Borrero Eyerbe y El Salado.<\/p>\n<p><img loading=\"lazy\" decoding=\"async\" style=\"display: block; margin-left: auto; margin-right: auto;\" src=\"images\/2021\/cascada_cale.jpg\" alt=\"\" width=\"722\" height=\"1280\" \/><\/p>\n<p>\u00a0<\/p>\n<p><img decoding=\"async\" style=\"display: block; margin-left: auto; margin-right: auto;\" src=\"images\/2015\/enero\/queremal-cascadas01.jpg\" alt=\"\" \/><\/p>\n<p><img decoding=\"async\" src=\"images\/2015\/queremal-ysuneblina.jpg\" alt=\"\" \/><\/p>\n<p>Fotos tomas del grupo publico en facebook <a id=\"js_5\" href=\"https:\/\/www.facebook.com\/groups\/queremalparaisotropical\/\" data-hovercard=\"\/ajax\/hovercard\/group.php?id=10152757516\">Queremal Paraiso Tropical<\/a><span id=\"fbPhotoPageCaption\" class=\"fbPhotosPhotoCaption\" tabindex=\"0\" data-ft=\"{\"><span class=\"hasCaption\"><br \/><\/span><\/span><\/p>\n","protected":false},"excerpt":{"rendered":"<p>ATRACTIVOS TURISTICOS DEL MUNICIPIO DE DAGUA: Proximo mes de octubre\u00a0 2021\u00a0\u00a0llega el Encuentro de musica Colombiana y Andina. La fundaci\u00f3n del Municipio de Dagua, no es muy clara, pues ella se remonta a 1830, su &hellip; <\/p>\n","protected":false},"author":1,"featured_media":0,"parent":0,"menu_order":6,"comment_status":"closed","ping_status":"closed","template":"","meta":{"footnotes":""},"class_list":["post-104","page","type-page","status-publish","hentry"],"yoast_head":"<!-- This site is optimized with the Yoast SEO plugin v26.8 - https:\/\/yoast.com\/product\/yoast-seo-wordpress\/ -->\n<title>El Queremal Valle del Cauca - Bienvenido a Adondequierenir.com<\/title>\n<meta name=\"robots\" content=\"index, follow, max-snippet:-1, max-image-preview:large, max-video-preview:-1\" \/>\n<link rel=\"canonical\" href=\"https:\/\/www.adondequierenir.com\/index.php\/el-queremal-valle-del-cauca\/\" \/>\n<meta property=\"og:locale\" content=\"es_ES\" \/>\n<meta property=\"og:type\" content=\"article\" \/>\n<meta property=\"og:title\" content=\"El Queremal Valle del Cauca - Bienvenido a Adondequierenir.com\" \/>\n<meta property=\"og:description\" content=\"ATRACTIVOS TURISTICOS DEL MUNICIPIO DE DAGUA: Proximo mes de octubre\u00a0 2021\u00a0\u00a0llega el Encuentro de musica Colombiana y Andina. La fundaci\u00f3n del Municipio de Dagua, no es muy clara, pues ella se remonta a 1830, su &hellip;\" \/>\n<meta property=\"og:url\" content=\"https:\/\/www.adondequierenir.com\/index.php\/el-queremal-valle-del-cauca\/\" \/>\n<meta property=\"og:site_name\" content=\"Bienvenido a Adondequierenir.com\" \/>\n<meta property=\"article:publisher\" content=\"https:\/\/www.facebook.com\/adonde.q.ir\" \/>\n<meta name=\"twitter:card\" content=\"summary_large_image\" \/>\n<meta name=\"twitter:label1\" content=\"Tiempo de lectura\" \/>\n\t<meta name=\"twitter:data1\" content=\"1 minuto\" \/>\n<script type=\"application\/ld+json\" class=\"yoast-schema-graph\">{\"@context\":\"https:\/\/schema.org\",\"@graph\":[{\"@type\":\"WebPage\",\"@id\":\"https:\/\/www.adondequierenir.com\/index.php\/el-queremal-valle-del-cauca\/\",\"url\":\"https:\/\/www.adondequierenir.com\/index.php\/el-queremal-valle-del-cauca\/\",\"name\":\"El Queremal Valle del Cauca - Bienvenido a Adondequierenir.com\",\"isPartOf\":{\"@id\":\"https:\/\/www.adondequierenir.com\/#website\"},\"datePublished\":\"2021-01-25T23:31:56+00:00\",\"breadcrumb\":{\"@id\":\"https:\/\/www.adondequierenir.com\/index.php\/el-queremal-valle-del-cauca\/#breadcrumb\"},\"inLanguage\":\"es-CO\",\"potentialAction\":[{\"@type\":\"ReadAction\",\"target\":[\"https:\/\/www.adondequierenir.com\/index.php\/el-queremal-valle-del-cauca\/\"]}]},{\"@type\":\"BreadcrumbList\",\"@id\":\"https:\/\/www.adondequierenir.com\/index.php\/el-queremal-valle-del-cauca\/#breadcrumb\",\"itemListElement\":[{\"@type\":\"ListItem\",\"position\":1,\"name\":\"Inicio\",\"item\":\"https:\/\/www.adondequierenir.com\/\"},{\"@type\":\"ListItem\",\"position\":2,\"name\":\"El Queremal Valle del Cauca\"}]},{\"@type\":\"WebSite\",\"@id\":\"https:\/\/www.adondequierenir.com\/#website\",\"url\":\"https:\/\/www.adondequierenir.com\/\",\"name\":\"Bienvenido a Adondequierenir.com\",\"description\":\"\",\"publisher\":{\"@id\":\"https:\/\/www.adondequierenir.com\/#\/schema\/person\/83485548bc9e14e5d02478eab46f9302\"},\"potentialAction\":[{\"@type\":\"SearchAction\",\"target\":{\"@type\":\"EntryPoint\",\"urlTemplate\":\"https:\/\/www.adondequierenir.com\/?s={search_term_string}\"},\"query-input\":{\"@type\":\"PropertyValueSpecification\",\"valueRequired\":true,\"valueName\":\"search_term_string\"}}],\"inLanguage\":\"es-CO\"},{\"@type\":[\"Person\",\"Organization\"],\"@id\":\"https:\/\/www.adondequierenir.com\/#\/schema\/person\/83485548bc9e14e5d02478eab46f9302\",\"name\":\"p@m@rt1n\",\"image\":{\"@type\":\"ImageObject\",\"inLanguage\":\"es-CO\",\"@id\":\"https:\/\/www.adondequierenir.com\/#\/schema\/person\/image\/\",\"url\":\"https:\/\/www.adondequierenir.com\/wp-content\/uploads\/2023\/11\/59132335-e1e2-4bf2-8d9a-1993d6e55eac.jpeg\",\"contentUrl\":\"https:\/\/www.adondequierenir.com\/wp-content\/uploads\/2023\/11\/59132335-e1e2-4bf2-8d9a-1993d6e55eac.jpeg\",\"width\":1024,\"height\":1024,\"caption\":\"p@m@rt1n\"},\"logo\":{\"@id\":\"https:\/\/www.adondequierenir.com\/#\/schema\/person\/image\/\"},\"sameAs\":[\"https:\/\/www.adondequierenir.com\",\"https:\/\/www.facebook.com\/adonde.q.ir\"]}]}<\/script>\n<!-- \/ Yoast SEO plugin. -->","yoast_head_json":{"title":"El Queremal Valle del Cauca - Bienvenido a Adondequierenir.com","robots":{"index":"index","follow":"follow","max-snippet":"max-snippet:-1","max-image-preview":"max-image-preview:large","max-video-preview":"max-video-preview:-1"},"canonical":"https:\/\/www.adondequierenir.com\/index.php\/el-queremal-valle-del-cauca\/","og_locale":"es_ES","og_type":"article","og_title":"El Queremal Valle del Cauca - Bienvenido a Adondequierenir.com","og_description":"ATRACTIVOS TURISTICOS DEL MUNICIPIO DE DAGUA: Proximo mes de octubre\u00a0 2021\u00a0\u00a0llega el Encuentro de musica Colombiana y Andina. La fundaci\u00f3n del Municipio de Dagua, no es muy clara, pues ella se remonta a 1830, su &hellip;","og_url":"https:\/\/www.adondequierenir.com\/index.php\/el-queremal-valle-del-cauca\/","og_site_name":"Bienvenido a Adondequierenir.com","article_publisher":"https:\/\/www.facebook.com\/adonde.q.ir","twitter_card":"summary_large_image","twitter_misc":{"Tiempo de lectura":"1 minuto"},"schema":{"@context":"https:\/\/schema.org","@graph":[{"@type":"WebPage","@id":"https:\/\/www.adondequierenir.com\/index.php\/el-queremal-valle-del-cauca\/","url":"https:\/\/www.adondequierenir.com\/index.php\/el-queremal-valle-del-cauca\/","name":"El Queremal Valle del Cauca - Bienvenido a Adondequierenir.com","isPartOf":{"@id":"https:\/\/www.adondequierenir.com\/#website"},"datePublished":"2021-01-25T23:31:56+00:00","breadcrumb":{"@id":"https:\/\/www.adondequierenir.com\/index.php\/el-queremal-valle-del-cauca\/#breadcrumb"},"inLanguage":"es-CO","potentialAction":[{"@type":"ReadAction","target":["https:\/\/www.adondequierenir.com\/index.php\/el-queremal-valle-del-cauca\/"]}]},{"@type":"BreadcrumbList","@id":"https:\/\/www.adondequierenir.com\/index.php\/el-queremal-valle-del-cauca\/#breadcrumb","itemListElement":[{"@type":"ListItem","position":1,"name":"Inicio","item":"https:\/\/www.adondequierenir.com\/"},{"@type":"ListItem","position":2,"name":"El Queremal Valle del Cauca"}]},{"@type":"WebSite","@id":"https:\/\/www.adondequierenir.com\/#website","url":"https:\/\/www.adondequierenir.com\/","name":"Bienvenido a Adondequierenir.com","description":"","publisher":{"@id":"https:\/\/www.adondequierenir.com\/#\/schema\/person\/83485548bc9e14e5d02478eab46f9302"},"potentialAction":[{"@type":"SearchAction","target":{"@type":"EntryPoint","urlTemplate":"https:\/\/www.adondequierenir.com\/?s={search_term_string}"},"query-input":{"@type":"PropertyValueSpecification","valueRequired":true,"valueName":"search_term_string"}}],"inLanguage":"es-CO"},{"@type":["Person","Organization"],"@id":"https:\/\/www.adondequierenir.com\/#\/schema\/person\/83485548bc9e14e5d02478eab46f9302","name":"p@m@rt1n","image":{"@type":"ImageObject","inLanguage":"es-CO","@id":"https:\/\/www.adondequierenir.com\/#\/schema\/person\/image\/","url":"https:\/\/www.adondequierenir.com\/wp-content\/uploads\/2023\/11\/59132335-e1e2-4bf2-8d9a-1993d6e55eac.jpeg","contentUrl":"https:\/\/www.adondequierenir.com\/wp-content\/uploads\/2023\/11\/59132335-e1e2-4bf2-8d9a-1993d6e55eac.jpeg","width":1024,"height":1024,"caption":"p@m@rt1n"},"logo":{"@id":"https:\/\/www.adondequierenir.com\/#\/schema\/person\/image\/"},"sameAs":["https:\/\/www.adondequierenir.com","https:\/\/www.facebook.com\/adonde.q.ir"]}]}},"_links":{"self":[{"href":"https:\/\/www.adondequierenir.com\/index.php\/wp-json\/wp\/v2\/pages\/104","targetHints":{"allow":["GET"]}}],"collection":[{"href":"https:\/\/www.adondequierenir.com\/index.php\/wp-json\/wp\/v2\/pages"}],"about":[{"href":"https:\/\/www.adondequierenir.com\/index.php\/wp-json\/wp\/v2\/types\/page"}],"author":[{"embeddable":true,"href":"https:\/\/www.adondequierenir.com\/index.php\/wp-json\/wp\/v2\/users\/1"}],"replies":[{"embeddable":true,"href":"https:\/\/www.adondequierenir.com\/index.php\/wp-json\/wp\/v2\/comments?post=104"}],"version-history":[{"count":0,"href":"https:\/\/www.adondequierenir.com\/index.php\/wp-json\/wp\/v2\/pages\/104\/revisions"}],"wp:attachment":[{"href":"https:\/\/www.adondequierenir.com\/index.php\/wp-json\/wp\/v2\/media?parent=104"}],"curies":[{"name":"wp","href":"https:\/\/api.w.org\/{rel}","templated":true}]}}