{"id":1121,"date":"2024-07-13T20:35:06","date_gmt":"2024-07-14T01:35:06","guid":{"rendered":"https:\/\/www.adondequierenir.com\/?page_id=1121"},"modified":"2024-07-13T20:47:04","modified_gmt":"2024-07-14T01:47:04","slug":"por-favor-completa-el-siguiente-formulario","status":"publish","type":"page","link":"https:\/\/www.adondequierenir.com\/index.php\/por-favor-completa-el-siguiente-formulario\/","title":{"rendered":"Escribenos"},"content":{"rendered":"\n<p>\u00a1Gracias por visitarnos en Adonde Quieren Ir! Nos encantar\u00eda saber de ti. Por favor, completa el siguiente formulario y nos pondremos en contacto contigo lo antes posible.<br>Cu\u00e9ntanos en qu\u00e9 podemos ayudarte. Cuantos m\u00e1s detalles nos des, mejor podremos asistirte.<br>Si tienes alguna pregunta, comentario o sugerencia, no dudes en ponerte en contacto con nosotros.<br>Estamos aqu\u00ed para ayudarte a planificar tus pr\u00f3ximos viajes y experiencias tenemos gu\u00edas gratuitas y gu\u00edas pagadas podemos  crear una gu\u00eda personalizada por $25 USA.<\/p>\n\n\n<div class=\"wpforms-container wpforms-container-full wpforms-block wpforms-block-0877350d-cb88-4654-8afc-155cae68f757 wpforms-render-modern\" id=\"wpforms-1115\"><form id=\"wpforms-form-1115\" class=\"wpforms-validate wpforms-form wpforms-ajax-form\" data-formid=\"1115\" method=\"post\" enctype=\"multipart\/form-data\" action=\"\/index.php\/wp-json\/wp\/v2\/pages\/1121\" data-token=\"ac49999b31fba2b30eeb37d63d1ae9f1\" data-token-time=\"1778502682\"><noscript class=\"wpforms-error-noscript\">Por favor, activa JavaScript en tu navegador para completar este formulario.<\/noscript><div id=\"wpforms-error-noscript\" style=\"display: none;\">Por favor, activa JavaScript en tu navegador para completar este formulario.<\/div><div class=\"wpforms-field-container\"><div id=\"wpforms-1115-field_1-container\" class=\"wpforms-field wpforms-field-text\" data-field-id=\"1\"><label class=\"wpforms-field-label\" for=\"wpforms-1115-field_1\">Escribe tu nombre <span class=\"wpforms-required-label\" aria-hidden=\"true\">*<\/span><\/label><input type=\"text\" id=\"wpforms-1115-field_1\" class=\"wpforms-field-medium wpforms-field-required\" name=\"wpforms[fields][1]\" aria-errormessage=\"wpforms-1115-field_1-error\" required><\/div><div id=\"wpforms-1115-field_2-container\" class=\"wpforms-field wpforms-field-text\" data-field-id=\"2\"><label class=\"wpforms-field-label\" for=\"wpforms-1115-field_2\">Escribe tu Apellido <span class=\"wpforms-required-label\" aria-hidden=\"true\">*<\/span><\/label><input type=\"text\" id=\"wpforms-1115-field_2\" class=\"wpforms-field-medium wpforms-field-required\" name=\"wpforms[fields][2]\" aria-errormessage=\"wpforms-1115-field_2-error\" required><\/div><div id=\"wpforms-1115-field_4-container\" class=\"wpforms-field wpforms-field-email\" data-field-id=\"4\"><fieldset><legend class=\"wpforms-field-label\">Correo electr\u00f3nico <span class=\"wpforms-required-label\" aria-hidden=\"true\">*<\/span><\/legend><div class=\"wpforms-field-row wpforms-field-medium\"><div class=\"wpforms-field-row-block wpforms-one-half wpforms-first\"><input type=\"email\" id=\"wpforms-1115-field_4\" class=\"wpforms-field-required wpforms-field-email-primary\" name=\"wpforms[fields][4][primary]\" spellcheck=\"false\" aria-errormessage=\"wpforms-1115-field_4-error\" required><label for=\"wpforms-1115-field_4\" class=\"wpforms-field-sublabel after\">Correo electr\u00f3nico<\/label><\/div><div class=\"wpforms-field-row-block wpforms-one-half\"><input type=\"email\" id=\"wpforms-1115-field_4-secondary\" class=\"wpforms-field-email-secondary wpforms-field-required\" data-rule-confirm=\"#wpforms-1115-field_4\" name=\"wpforms[fields][4][secondary]\" spellcheck=\"false\" aria-errormessage=\"wpforms-1115-field_4-secondary-error\" required><label for=\"wpforms-1115-field_4-secondary\" class=\"wpforms-field-sublabel after\">Confirmar el correo electr\u00f3nico<\/label><\/div><\/div><\/fieldset><\/div><div id=\"wpforms-1115-field_5-container\" class=\"wpforms-field wpforms-field-textarea\" data-field-id=\"5\"><label class=\"wpforms-field-label\" for=\"wpforms-1115-field_5\">Describa su requerimiento <span class=\"wpforms-required-label\" aria-hidden=\"true\">*<\/span><\/label><textarea id=\"wpforms-1115-field_5\" class=\"wpforms-field-medium wpforms-field-required\" name=\"wpforms[fields][5]\" aria-errormessage=\"wpforms-1115-field_5-error\" required><\/textarea><\/div><\/div><!-- .wpforms-field-container --><div class=\"wpforms-submit-container\" ><input type=\"hidden\" name=\"wpforms[id]\" value=\"1115\"><input type=\"hidden\" name=\"page_title\" value=\"\"><input type=\"hidden\" name=\"page_url\" value=\"https:\/\/www.adondequierenir.com\/index.php\/wp-json\/wp\/v2\/pages\/1121\"><input type=\"hidden\" name=\"url_referer\" value=\"\"><button type=\"submit\" name=\"wpforms[submit]\" id=\"wpforms-submit-1115\" class=\"wpforms-submit\" data-alt-text=\"Enviando...\" data-submit-text=\"Enviar\" aria-live=\"assertive\" value=\"wpforms-submit\">Enviar<\/button><img loading=\"lazy\" decoding=\"async\" src=\"https:\/\/www.adondequierenir.com\/wp-content\/plugins\/wpforms-lite\/assets\/images\/submit-spin.svg\" class=\"wpforms-submit-spinner\" style=\"display: none;\" width=\"26\" height=\"26\" alt=\"Cargando\"><\/div><\/form><\/div>  <!-- .wpforms-container -->\n\n\n<p>Ya sea que necesites: (tiene un costo)<br>Asistencia con reservas,<br>Recomendaciones de destinos,<br>o simplemente quieras compartir tu experiencia con nosotros, \u00a1estamos para escucharte!<\/p>\n\n\n\n<p>Aviso de Privacidad:<br>Tu informaci\u00f3n est\u00e1 segura con nosotros. En Adonde Quieren Ir, respetamos tu privacidad y no compartiremos tus datos con terceros.<\/p>\n","protected":false},"excerpt":{"rendered":"<p>\u00a1Gracias por visitarnos en Adonde Quieren Ir! Nos encantar\u00eda saber de ti. Por favor, completa el siguiente formulario y nos pondremos en contacto contigo lo antes posible.Cu\u00e9ntanos en qu\u00e9 podemos ayudarte. Cuantos m\u00e1s detalles nos &hellip; <\/p>\n","protected":false},"author":1,"featured_media":0,"parent":0,"menu_order":0,"comment_status":"closed","ping_status":"closed","template":"","meta":{"footnotes":""},"class_list":["post-1121","page","type-page","status-publish","hentry"],"yoast_head":"<!-- This site is optimized with the Yoast SEO plugin v26.8 - https:\/\/yoast.com\/product\/yoast-seo-wordpress\/ -->\n<title>Escribenos - Bienvenido a Adondequierenir.com<\/title>\n<meta name=\"robots\" content=\"index, follow, max-snippet:-1, max-image-preview:large, max-video-preview:-1\" \/>\n<link rel=\"canonical\" href=\"https:\/\/www.adondequierenir.com\/index.php\/por-favor-completa-el-siguiente-formulario\/\" \/>\n<meta property=\"og:locale\" content=\"es_ES\" \/>\n<meta property=\"og:type\" content=\"article\" \/>\n<meta property=\"og:title\" content=\"Escribenos - Bienvenido a Adondequierenir.com\" \/>\n<meta property=\"og:description\" content=\"\u00a1Gracias por visitarnos en Adonde Quieren Ir! Nos encantar\u00eda saber de ti. Por favor, completa el siguiente formulario y nos pondremos en contacto contigo lo antes posible.Cu\u00e9ntanos en qu\u00e9 podemos ayudarte. Cuantos m\u00e1s detalles nos &hellip;\" \/>\n<meta property=\"og:url\" content=\"https:\/\/www.adondequierenir.com\/index.php\/por-favor-completa-el-siguiente-formulario\/\" \/>\n<meta property=\"og:site_name\" content=\"Bienvenido a Adondequierenir.com\" \/>\n<meta property=\"article:publisher\" content=\"https:\/\/www.facebook.com\/adonde.q.ir\" \/>\n<meta property=\"article:modified_time\" content=\"2024-07-14T01:47:04+00:00\" \/>\n<meta name=\"twitter:card\" content=\"summary_large_image\" \/>\n<meta name=\"twitter:label1\" content=\"Tiempo de lectura\" \/>\n\t<meta name=\"twitter:data1\" content=\"1 minuto\" \/>\n<script type=\"application\/ld+json\" class=\"yoast-schema-graph\">{\"@context\":\"https:\/\/schema.org\",\"@graph\":[{\"@type\":\"WebPage\",\"@id\":\"https:\/\/www.adondequierenir.com\/index.php\/por-favor-completa-el-siguiente-formulario\/\",\"url\":\"https:\/\/www.adondequierenir.com\/index.php\/por-favor-completa-el-siguiente-formulario\/\",\"name\":\"Escribenos - Bienvenido a Adondequierenir.com\",\"isPartOf\":{\"@id\":\"https:\/\/www.adondequierenir.com\/#website\"},\"datePublished\":\"2024-07-14T01:35:06+00:00\",\"dateModified\":\"2024-07-14T01:47:04+00:00\",\"breadcrumb\":{\"@id\":\"https:\/\/www.adondequierenir.com\/index.php\/por-favor-completa-el-siguiente-formulario\/#breadcrumb\"},\"inLanguage\":\"es-CO\",\"potentialAction\":[{\"@type\":\"ReadAction\",\"target\":[\"https:\/\/www.adondequierenir.com\/index.php\/por-favor-completa-el-siguiente-formulario\/\"]}]},{\"@type\":\"BreadcrumbList\",\"@id\":\"https:\/\/www.adondequierenir.com\/index.php\/por-favor-completa-el-siguiente-formulario\/#breadcrumb\",\"itemListElement\":[{\"@type\":\"ListItem\",\"position\":1,\"name\":\"Inicio\",\"item\":\"https:\/\/www.adondequierenir.com\/\"},{\"@type\":\"ListItem\",\"position\":2,\"name\":\"Escribenos\"}]},{\"@type\":\"WebSite\",\"@id\":\"https:\/\/www.adondequierenir.com\/#website\",\"url\":\"https:\/\/www.adondequierenir.com\/\",\"name\":\"Bienvenido a Adondequierenir.com\",\"description\":\"\",\"publisher\":{\"@id\":\"https:\/\/www.adondequierenir.com\/#\/schema\/person\/83485548bc9e14e5d02478eab46f9302\"},\"potentialAction\":[{\"@type\":\"SearchAction\",\"target\":{\"@type\":\"EntryPoint\",\"urlTemplate\":\"https:\/\/www.adondequierenir.com\/?s={search_term_string}\"},\"query-input\":{\"@type\":\"PropertyValueSpecification\",\"valueRequired\":true,\"valueName\":\"search_term_string\"}}],\"inLanguage\":\"es-CO\"},{\"@type\":[\"Person\",\"Organization\"],\"@id\":\"https:\/\/www.adondequierenir.com\/#\/schema\/person\/83485548bc9e14e5d02478eab46f9302\",\"name\":\"p@m@rt1n\",\"image\":{\"@type\":\"ImageObject\",\"inLanguage\":\"es-CO\",\"@id\":\"https:\/\/www.adondequierenir.com\/#\/schema\/person\/image\/\",\"url\":\"https:\/\/www.adondequierenir.com\/wp-content\/uploads\/2023\/11\/59132335-e1e2-4bf2-8d9a-1993d6e55eac.jpeg\",\"contentUrl\":\"https:\/\/www.adondequierenir.com\/wp-content\/uploads\/2023\/11\/59132335-e1e2-4bf2-8d9a-1993d6e55eac.jpeg\",\"width\":1024,\"height\":1024,\"caption\":\"p@m@rt1n\"},\"logo\":{\"@id\":\"https:\/\/www.adondequierenir.com\/#\/schema\/person\/image\/\"},\"sameAs\":[\"https:\/\/www.adondequierenir.com\",\"https:\/\/www.facebook.com\/adonde.q.ir\"]}]}<\/script>\n<!-- \/ Yoast SEO plugin. -->","yoast_head_json":{"title":"Escribenos - Bienvenido a Adondequierenir.com","robots":{"index":"index","follow":"follow","max-snippet":"max-snippet:-1","max-image-preview":"max-image-preview:large","max-video-preview":"max-video-preview:-1"},"canonical":"https:\/\/www.adondequierenir.com\/index.php\/por-favor-completa-el-siguiente-formulario\/","og_locale":"es_ES","og_type":"article","og_title":"Escribenos - Bienvenido a Adondequierenir.com","og_description":"\u00a1Gracias por visitarnos en Adonde Quieren Ir! Nos encantar\u00eda saber de ti. Por favor, completa el siguiente formulario y nos pondremos en contacto contigo lo antes posible.Cu\u00e9ntanos en qu\u00e9 podemos ayudarte. Cuantos m\u00e1s detalles nos &hellip;","og_url":"https:\/\/www.adondequierenir.com\/index.php\/por-favor-completa-el-siguiente-formulario\/","og_site_name":"Bienvenido a Adondequierenir.com","article_publisher":"https:\/\/www.facebook.com\/adonde.q.ir","article_modified_time":"2024-07-14T01:47:04+00:00","twitter_card":"summary_large_image","twitter_misc":{"Tiempo de lectura":"1 minuto"},"schema":{"@context":"https:\/\/schema.org","@graph":[{"@type":"WebPage","@id":"https:\/\/www.adondequierenir.com\/index.php\/por-favor-completa-el-siguiente-formulario\/","url":"https:\/\/www.adondequierenir.com\/index.php\/por-favor-completa-el-siguiente-formulario\/","name":"Escribenos - Bienvenido a Adondequierenir.com","isPartOf":{"@id":"https:\/\/www.adondequierenir.com\/#website"},"datePublished":"2024-07-14T01:35:06+00:00","dateModified":"2024-07-14T01:47:04+00:00","breadcrumb":{"@id":"https:\/\/www.adondequierenir.com\/index.php\/por-favor-completa-el-siguiente-formulario\/#breadcrumb"},"inLanguage":"es-CO","potentialAction":[{"@type":"ReadAction","target":["https:\/\/www.adondequierenir.com\/index.php\/por-favor-completa-el-siguiente-formulario\/"]}]},{"@type":"BreadcrumbList","@id":"https:\/\/www.adondequierenir.com\/index.php\/por-favor-completa-el-siguiente-formulario\/#breadcrumb","itemListElement":[{"@type":"ListItem","position":1,"name":"Inicio","item":"https:\/\/www.adondequierenir.com\/"},{"@type":"ListItem","position":2,"name":"Escribenos"}]},{"@type":"WebSite","@id":"https:\/\/www.adondequierenir.com\/#website","url":"https:\/\/www.adondequierenir.com\/","name":"Bienvenido a Adondequierenir.com","description":"","publisher":{"@id":"https:\/\/www.adondequierenir.com\/#\/schema\/person\/83485548bc9e14e5d02478eab46f9302"},"potentialAction":[{"@type":"SearchAction","target":{"@type":"EntryPoint","urlTemplate":"https:\/\/www.adondequierenir.com\/?s={search_term_string}"},"query-input":{"@type":"PropertyValueSpecification","valueRequired":true,"valueName":"search_term_string"}}],"inLanguage":"es-CO"},{"@type":["Person","Organization"],"@id":"https:\/\/www.adondequierenir.com\/#\/schema\/person\/83485548bc9e14e5d02478eab46f9302","name":"p@m@rt1n","image":{"@type":"ImageObject","inLanguage":"es-CO","@id":"https:\/\/www.adondequierenir.com\/#\/schema\/person\/image\/","url":"https:\/\/www.adondequierenir.com\/wp-content\/uploads\/2023\/11\/59132335-e1e2-4bf2-8d9a-1993d6e55eac.jpeg","contentUrl":"https:\/\/www.adondequierenir.com\/wp-content\/uploads\/2023\/11\/59132335-e1e2-4bf2-8d9a-1993d6e55eac.jpeg","width":1024,"height":1024,"caption":"p@m@rt1n"},"logo":{"@id":"https:\/\/www.adondequierenir.com\/#\/schema\/person\/image\/"},"sameAs":["https:\/\/www.adondequierenir.com","https:\/\/www.facebook.com\/adonde.q.ir"]}]}},"_links":{"self":[{"href":"https:\/\/www.adondequierenir.com\/index.php\/wp-json\/wp\/v2\/pages\/1121","targetHints":{"allow":["GET"]}}],"collection":[{"href":"https:\/\/www.adondequierenir.com\/index.php\/wp-json\/wp\/v2\/pages"}],"about":[{"href":"https:\/\/www.adondequierenir.com\/index.php\/wp-json\/wp\/v2\/types\/page"}],"author":[{"embeddable":true,"href":"https:\/\/www.adondequierenir.com\/index.php\/wp-json\/wp\/v2\/users\/1"}],"replies":[{"embeddable":true,"href":"https:\/\/www.adondequierenir.com\/index.php\/wp-json\/wp\/v2\/comments?post=1121"}],"version-history":[{"count":5,"href":"https:\/\/www.adondequierenir.com\/index.php\/wp-json\/wp\/v2\/pages\/1121\/revisions"}],"predecessor-version":[{"id":1130,"href":"https:\/\/www.adondequierenir.com\/index.php\/wp-json\/wp\/v2\/pages\/1121\/revisions\/1130"}],"wp:attachment":[{"href":"https:\/\/www.adondequierenir.com\/index.php\/wp-json\/wp\/v2\/media?parent=1121"}],"curies":[{"name":"wp","href":"https:\/\/api.w.org\/{rel}","templated":true}]}}