{"id":113,"date":"2013-07-21T16:19:29","date_gmt":"2013-07-21T21:19:29","guid":{"rendered":"https:\/\/www.adondequierenir.com\/index.php\/terminos-y-condiciones\/"},"modified":"2013-07-21T16:19:29","modified_gmt":"2013-07-21T21:19:29","slug":"terminos-y-condiciones","status":"publish","type":"page","link":"https:\/\/www.adondequierenir.com\/index.php\/terminos-y-condiciones\/","title":{"rendered":"Terminos y Condiciones"},"content":{"rendered":"<p><strong>Informaci\u00f3n y contenido de Terceros<\/strong><\/p>\n<p>El Portal tambi\u00e9n incluye, en todas sus secciones, contenidos e informaci\u00f3n suministrada por terceros a ADONDEQUIERENIR.COM para su publicaci\u00f3n en el Portal, por lo tanto no somos responsables de cambios de horarios de los eventos difundidos o premios que otorgen a los participantes en alguna evento de competencia.<\/p>\n<p>La informaci\u00f3n de terceros contenida en las secciones tiene por objeto ofrecer a los Usuarios informaci\u00f3n de inter\u00e9s y de actualidad, por lo que el uso y destinaci\u00f3n que \u00e9stos le den a la informaci\u00f3n es de su exclusiva responsabilidad del usuario. <\/p>\n<p>La informaci\u00f3n podr\u00e1 ser utilizada de acuerdo con las limitaciones previstas en la legislaci\u00f3n actual sobre la materia y en particular, seg\u00fan lo previsto en el Art\u00edculo 31 de la Ley 23 de 1982 de derechos de autor.<\/p>\n<p>Los Usuarios no podr\u00e1n revender, redistribuir o comercializar la informaci\u00f3n en ning\u00fan caso.<\/p>\n<p>Los Usuarios entienden y aceptan que ni ADONDEQUIERENIR.COM ni ning\u00fan tercero, ser\u00e1 responsable por el an\u00e1lisis que se derive de la informaci\u00f3n publicada en el Portal.<\/p>\n<p>Politicas para Usuarios que se Registran:<\/p>\n<p>Es inter\u00e9s de ADONDEQUIERENIR.COM la protecci\u00f3n de la privacidad de la informaci\u00f3n personal del Usuario obtenida a trav\u00e9s del Portal, comprometi\u00e9ndose a adoptar una pol\u00edtica de confidencialidad seg\u00fan lo que se establece m\u00e1s adelante.<\/p>\n<p>Se entiende por informaci\u00f3n personal aquella suministrada por el Usuario para el registro, la cual incluye datos tales como: nombre, identificaci\u00f3n, edad, g\u00e9nero, direcci\u00f3n, estado civil, correo electr\u00f3nico, tel\u00e9fono.<\/p>\n<p>El Usuario reconoce que el ingreso de informaci\u00f3n personal, lo realiza de manera voluntaria y teniendo en cuenta las caracter\u00edsticas del Portal y las facultades de uso por parte de ADONDEQUIERENIR.COM y en el entendido que la informaci\u00f3n har\u00e1 parte de un archivo y\/o base de datos que contender\u00e1 su perfil, la cual podr\u00e1 ser usado por ADONDEQUIERENIR.COM en los t\u00e9rminos aqu\u00ed establecidos. El Usuario podr\u00e1 modificar o actualizar la informaci\u00f3n en cualquier momento. ADONDEQUIERENIR.COM aconseja que el Usuario mantenga actualizada la informaci\u00f3n para optimizar el beneficio que puede recibir del Portal.<\/p>\n<p>La informaci\u00f3n personal proporcionada por el Usuario, est\u00e1 asegurada por una clave de acceso a la cual s\u00f3lo el Usuario podr\u00e1 acceder y que s\u00f3lo \u00e9l conoce. El Usuario es el \u00fanico responsable de mantener en secreto, dicha clave y la informaci\u00f3n incluida. ADONDEQUIERENIR.COM se compromete a no intentar tener acceso ni pretender conocer dicha clave. Debido a que ninguna transmisi\u00f3n por Internet es absolutamente segura ni puede garantizarse dicho extremo, el Usuario asume el hipot\u00e9tico riesgo que ello implica, el cual acepta y conoce. <\/p>\n<p>Quien diligencia el formulario de registro acepta que sus datos se incorporen a las bases de datos de ADONDEQUIERENIR.COM.<\/p>\n<p>En todo caso, el Usuario podr\u00e1 en cualquier momento solicitar el retiro de su informaci\u00f3n personal de las bases de datos de ADONDEQUIERENIR.COM<\/p>\n<p>Politicas de Participaci\u00f3n del Usuario:<\/p>\n<p>Por el hecho de ingresar al Portal y para garantizar el buen y adecuado uso del mismo, el Usuario deber\u00e1 cumplir con lo siguiente:<\/p>\n<p>Observar los T\u00e9rminos y Condiciones y cualquier otra condici\u00f3n establecida en este Portal.<br \/>Ser responsable por cualquier actividad que se lleve acabo bajo su registro.<br \/>Ser responsable de la seguridad de su contrase\u00f1a.<br \/>No abusar, acosar, amenazar o intimidar a otros usuarios del Portal ya sea a trav\u00e9s de los chats, foros, blogs o cualquier otro espacio de participaci\u00f3n.<br \/>No usar \u00e9sta p\u00e1gina como medio para desarrollar actividades ilegales o no autorizadas tanto en Colombia, como en cualquier otro pa\u00eds.<br \/>Ser el \u00fanico responsable por su conducta y por el contenido de textos, gr\u00e1ficos, fotos, videos o cualquier otro tipo de informaci\u00f3n de la cual haga uso o incluya en el Portal.<br \/>Abstenerse de enviar correo electr\u00f3nico no deseado (SPAM) a otros Usuarios de esta p\u00e1gina, as\u00ed como tambi\u00e9n le est\u00e1 prohibido transmitir virus o cualquier c\u00f3digo de naturaleza destructiva.<br \/>Canalizar sus quejas, reclamos y denuncias a trav\u00e9s de la secci\u00f3n de Cont\u00e1ctenos en el Portal.<\/p>\n<p>Mientras en el Portal est\u00e9n prohibidas estas conductas, ADONDEQUIERENIR.COM no ser\u00e1 responsable por su cumplimiento y el Usuario lo mantendr\u00e1 indemne por todo concepto.<\/p>\n<p>Esta prohibida toda actividad il\u00edcita o delictiva, incluida la pornograf\u00eda infantil, el fraude, el tr\u00e1fico de material obsceno, tr\u00e1fico de drogas, acoso, acecho, injuria, calumnia, agravio, spamming, spimming, el env\u00edo de virus u otros archivos da\u00f1inos, infracci\u00f3n del derecho de autor, infracci\u00f3n de patentes o robo de secretos comerciales.<\/p>\n<p>Condiciones para anunciantes:<\/p>\n<p>Objetivo:<br \/>El Servicio tiene por objeto permitir a los Usuarios promover sus negocios, a trav\u00e9s de la creaci\u00f3n y difusion de publicidad, eligiendo una o m\u00e1s de las opciones que para tal efecto destina nuestro portal con pauta en l\u00ednea.<\/p>\n<p>Privacidad:<br \/>Es inter\u00e9s de ADONDEQUIERENIR.COM proteger la informaci\u00f3n que le sea entregada por el Usuario, comprometi\u00e9ndose a adoptar una pol\u00edtica de confidencialidad seg\u00fan lo que se establece m\u00e1s adelante. Se entiende por informaci\u00f3n aquella suministrada por el Usuario para el Registro, la cual incluye datos tales como: nombre, identificaci\u00f3n, edad, g\u00e9nero, direcci\u00f3n, correo electr\u00f3nico, tel\u00e9fono, raz\u00f3n social, Nit. etc.<\/p>\n<p>El Usuario podr\u00e1 modificar o actualizar la informaci\u00f3n suministrada segun plan seleccionado.<\/p>\n<p>Pago: ADONDEQUIERENIR.COM cobrar\u00e1 por la prestaci\u00f3n de los Servicios de difusion de pauta, as\u00ed como los cargos por concepto de transferencias electr\u00f3nicas dado el caso.<\/p>\n<p>Derechos de propiedad sobre el Contenido:<br \/>Mediante la publicaci\u00f3n de Contenido, el Usuario otorga una licencia no exclusiva, libre de regal\u00edas, a nivel mundial, para contextualizar, enlazar, marcar, subrayar, o incluir, Contenido en nuestro portal.<\/p>\n<p>Uso de nuestra plataforma:<\/p>\n<p>ADONDEQUIERENIR.COM no puede garantizar y no promete resultados concretos por la utilizaci\u00f3n de los Servicios. En consecuencia, el Usuario reconoce y acepta que el \u00e9xito de la publicaci\u00f3n de Contenido a trav\u00e9s de ADONDEQUIERENIR.COM es de su exclusivo riesgo.<\/p>\n<p>El Usuario manifiesta y garantiza que el uso que haga del Servicio es l\u00edcito, \u00fanicamente para fines comerciales y que es el \u00fanico responsable de todo el Contenido que incluya en el portal para el p\u00fablico, as\u00ed como de las caracter\u00edsticas que haya seleccionado para publicarlo.<\/p>\n<p>El usuario se abstendr\u00e1 de enviar Contenido que:<br \/>Sea agraviante, profano, obsceno, violento o pornogr\u00e1fico.<\/p>\n<p>Sea hostil, amenazador, abusivo, agraviante, calumnioso, injurioso, difamatorio, provocativo o de cualquier otra forma objetable, incluidos los contenidos que se utilicen para acosar, acechar o amenazar a una persona;<\/p>\n<p>Sea ilegal o podr\u00eda facilitar la violaci\u00f3n de cualesquiera leyes, reglamentos o pol\u00edticas gubernamentales.<\/p>\n<p>Ofrezca o difunda productos, servicios, programas o promociones fraudulentos, incluidos cualesquiera programas para hacer dinero facil, cadenas de cartas o sistemas piramidales o de captaci\u00f3n masiva.<\/p>\n<p>&#8212;&#8212;&#8212;&#8212;&#8212;&#8212;&#8212;&#8212;&#8212;&#8212;&#8212;&#8212;<br \/>Responsabilidad ADONDEQUIERENIR.COM<br \/>&#8212;&#8212;&#8212;&#8212;&#8212;&#8212;&#8212;&#8212;&#8212;&#8212;&#8212;&#8212;<br \/>ADONDEQUIERENIR.COM no es responsable y no ofrece ninguna garant\u00eda, expresa o impl\u00edcita, en cuanto al Contenido publicado de terceros, su exactitud o fiabilidad. As\u00ed mismo, ADONDEQUIERENIR.COM no asume ninguna responsabilidad por el contenido, exactitud u opiniones expresadas por los Usuarios a trav\u00e9s de la prestaci\u00f3n de los Servicios.<\/p>\n<p>ADONDEQUIERENIR.COM no se hace responsable por el Contenido de los Usuarios o por el material de terceros que se publique en ADONDEQUIERENIR.COM, ni asumir\u00e1 ninguna responsabilidad por la calidad de los productos o servicios ofrecidos por los Usuarios a trav\u00e9s de ADONDEQUIERENIR.COM. ADONDEQUIERENIR.COM no es responsable de la conducta, ya sea en l\u00ednea o fuera de l\u00ednea, de cualquier Usuario de los servicios de la Red frente a su consumidor final o frente a cualquier tercero.<\/p>\n<p>ADONDEQUIERENIR.COM no asume ninguna responsabilidad por error, omisi\u00f3n, interrupci\u00f3n, suspensi\u00f3n, defecto, o retraso en la operaci\u00f3n o transmisi\u00f3n, l\u00ednea de falla de comunicaciones, robo o destrucci\u00f3n o acceso no autorizado a, o alteraci\u00f3n de los diferentes eventos que difundimos en nuestra plataforma.<\/p>\n<p>Bajo ninguna circunstancia ADONDEQUIERENIR.COM se hace responsable por la p\u00e9rdida o da\u00f1o, incluyendo lesiones personales o muerte, resultantes de la utilizaci\u00f3n de los servicios de la informacion difundida en ADONDEQUIERENIR.COM , ni por la asistencia a un evento que se difunda en ADONDEQUIERENIR.COM.<\/p>\n<p>ADONDEQUIERENIR.COM no garantiza: (i) la colocaci\u00f3n, el posicionamiento, la calidad del Contenido ni los clicks o vistas que sobre el Contenido hagan las personas a quienes se dirige, (ii) la disponibilidad y la entrega del Contenido incluido en ADONDEQUIERENIR.COM, (iii) los resultados producidos como consecuencia del Contenido subido en ADONDEQUIERENIR.COM.<\/p>\n","protected":false},"excerpt":{"rendered":"<p>Informaci\u00f3n y contenido de Terceros El Portal tambi\u00e9n incluye, en todas sus secciones, contenidos e informaci\u00f3n suministrada por terceros a ADONDEQUIERENIR.COM para su publicaci\u00f3n en el Portal, por lo tanto no somos responsables de cambios &hellip; <\/p>\n","protected":false},"author":1,"featured_media":0,"parent":0,"menu_order":22,"comment_status":"closed","ping_status":"closed","template":"","meta":{"footnotes":""},"class_list":["post-113","page","type-page","status-publish","hentry"],"yoast_head":"<!-- This site is optimized with the Yoast SEO plugin v26.8 - https:\/\/yoast.com\/product\/yoast-seo-wordpress\/ -->\n<title>Terminos y Condiciones - Bienvenido a Adondequierenir.com<\/title>\n<meta name=\"robots\" content=\"index, follow, max-snippet:-1, max-image-preview:large, max-video-preview:-1\" \/>\n<link rel=\"canonical\" href=\"https:\/\/www.adondequierenir.com\/index.php\/terminos-y-condiciones\/\" \/>\n<meta property=\"og:locale\" content=\"es_ES\" \/>\n<meta property=\"og:type\" content=\"article\" \/>\n<meta property=\"og:title\" content=\"Terminos y Condiciones - Bienvenido a Adondequierenir.com\" \/>\n<meta property=\"og:description\" content=\"Informaci\u00f3n y contenido de Terceros El Portal tambi\u00e9n incluye, en todas sus secciones, contenidos e informaci\u00f3n suministrada por terceros a ADONDEQUIERENIR.COM para su publicaci\u00f3n en el Portal, por lo tanto no somos responsables de cambios &hellip;\" \/>\n<meta property=\"og:url\" content=\"https:\/\/www.adondequierenir.com\/index.php\/terminos-y-condiciones\/\" \/>\n<meta property=\"og:site_name\" content=\"Bienvenido a Adondequierenir.com\" \/>\n<meta property=\"article:publisher\" content=\"https:\/\/www.facebook.com\/adonde.q.ir\" \/>\n<meta name=\"twitter:card\" content=\"summary_large_image\" \/>\n<meta name=\"twitter:label1\" content=\"Tiempo de lectura\" \/>\n\t<meta name=\"twitter:data1\" content=\"7 minutos\" \/>\n<script type=\"application\/ld+json\" class=\"yoast-schema-graph\">{\"@context\":\"https:\/\/schema.org\",\"@graph\":[{\"@type\":\"WebPage\",\"@id\":\"https:\/\/www.adondequierenir.com\/index.php\/terminos-y-condiciones\/\",\"url\":\"https:\/\/www.adondequierenir.com\/index.php\/terminos-y-condiciones\/\",\"name\":\"Terminos y Condiciones - Bienvenido a Adondequierenir.com\",\"isPartOf\":{\"@id\":\"https:\/\/www.adondequierenir.com\/#website\"},\"datePublished\":\"2013-07-21T21:19:29+00:00\",\"breadcrumb\":{\"@id\":\"https:\/\/www.adondequierenir.com\/index.php\/terminos-y-condiciones\/#breadcrumb\"},\"inLanguage\":\"es-CO\",\"potentialAction\":[{\"@type\":\"ReadAction\",\"target\":[\"https:\/\/www.adondequierenir.com\/index.php\/terminos-y-condiciones\/\"]}]},{\"@type\":\"BreadcrumbList\",\"@id\":\"https:\/\/www.adondequierenir.com\/index.php\/terminos-y-condiciones\/#breadcrumb\",\"itemListElement\":[{\"@type\":\"ListItem\",\"position\":1,\"name\":\"Inicio\",\"item\":\"https:\/\/www.adondequierenir.com\/\"},{\"@type\":\"ListItem\",\"position\":2,\"name\":\"Terminos y Condiciones\"}]},{\"@type\":\"WebSite\",\"@id\":\"https:\/\/www.adondequierenir.com\/#website\",\"url\":\"https:\/\/www.adondequierenir.com\/\",\"name\":\"Bienvenido a Adondequierenir.com\",\"description\":\"\",\"publisher\":{\"@id\":\"https:\/\/www.adondequierenir.com\/#\/schema\/person\/83485548bc9e14e5d02478eab46f9302\"},\"potentialAction\":[{\"@type\":\"SearchAction\",\"target\":{\"@type\":\"EntryPoint\",\"urlTemplate\":\"https:\/\/www.adondequierenir.com\/?s={search_term_string}\"},\"query-input\":{\"@type\":\"PropertyValueSpecification\",\"valueRequired\":true,\"valueName\":\"search_term_string\"}}],\"inLanguage\":\"es-CO\"},{\"@type\":[\"Person\",\"Organization\"],\"@id\":\"https:\/\/www.adondequierenir.com\/#\/schema\/person\/83485548bc9e14e5d02478eab46f9302\",\"name\":\"p@m@rt1n\",\"image\":{\"@type\":\"ImageObject\",\"inLanguage\":\"es-CO\",\"@id\":\"https:\/\/www.adondequierenir.com\/#\/schema\/person\/image\/\",\"url\":\"https:\/\/www.adondequierenir.com\/wp-content\/uploads\/2023\/11\/59132335-e1e2-4bf2-8d9a-1993d6e55eac.jpeg\",\"contentUrl\":\"https:\/\/www.adondequierenir.com\/wp-content\/uploads\/2023\/11\/59132335-e1e2-4bf2-8d9a-1993d6e55eac.jpeg\",\"width\":1024,\"height\":1024,\"caption\":\"p@m@rt1n\"},\"logo\":{\"@id\":\"https:\/\/www.adondequierenir.com\/#\/schema\/person\/image\/\"},\"sameAs\":[\"https:\/\/www.adondequierenir.com\",\"https:\/\/www.facebook.com\/adonde.q.ir\"]}]}<\/script>\n<!-- \/ Yoast SEO plugin. -->","yoast_head_json":{"title":"Terminos y Condiciones - Bienvenido a Adondequierenir.com","robots":{"index":"index","follow":"follow","max-snippet":"max-snippet:-1","max-image-preview":"max-image-preview:large","max-video-preview":"max-video-preview:-1"},"canonical":"https:\/\/www.adondequierenir.com\/index.php\/terminos-y-condiciones\/","og_locale":"es_ES","og_type":"article","og_title":"Terminos y Condiciones - Bienvenido a Adondequierenir.com","og_description":"Informaci\u00f3n y contenido de Terceros El Portal tambi\u00e9n incluye, en todas sus secciones, contenidos e informaci\u00f3n suministrada por terceros a ADONDEQUIERENIR.COM para su publicaci\u00f3n en el Portal, por lo tanto no somos responsables de cambios &hellip;","og_url":"https:\/\/www.adondequierenir.com\/index.php\/terminos-y-condiciones\/","og_site_name":"Bienvenido a Adondequierenir.com","article_publisher":"https:\/\/www.facebook.com\/adonde.q.ir","twitter_card":"summary_large_image","twitter_misc":{"Tiempo de lectura":"7 minutos"},"schema":{"@context":"https:\/\/schema.org","@graph":[{"@type":"WebPage","@id":"https:\/\/www.adondequierenir.com\/index.php\/terminos-y-condiciones\/","url":"https:\/\/www.adondequierenir.com\/index.php\/terminos-y-condiciones\/","name":"Terminos y Condiciones - Bienvenido a Adondequierenir.com","isPartOf":{"@id":"https:\/\/www.adondequierenir.com\/#website"},"datePublished":"2013-07-21T21:19:29+00:00","breadcrumb":{"@id":"https:\/\/www.adondequierenir.com\/index.php\/terminos-y-condiciones\/#breadcrumb"},"inLanguage":"es-CO","potentialAction":[{"@type":"ReadAction","target":["https:\/\/www.adondequierenir.com\/index.php\/terminos-y-condiciones\/"]}]},{"@type":"BreadcrumbList","@id":"https:\/\/www.adondequierenir.com\/index.php\/terminos-y-condiciones\/#breadcrumb","itemListElement":[{"@type":"ListItem","position":1,"name":"Inicio","item":"https:\/\/www.adondequierenir.com\/"},{"@type":"ListItem","position":2,"name":"Terminos y Condiciones"}]},{"@type":"WebSite","@id":"https:\/\/www.adondequierenir.com\/#website","url":"https:\/\/www.adondequierenir.com\/","name":"Bienvenido a Adondequierenir.com","description":"","publisher":{"@id":"https:\/\/www.adondequierenir.com\/#\/schema\/person\/83485548bc9e14e5d02478eab46f9302"},"potentialAction":[{"@type":"SearchAction","target":{"@type":"EntryPoint","urlTemplate":"https:\/\/www.adondequierenir.com\/?s={search_term_string}"},"query-input":{"@type":"PropertyValueSpecification","valueRequired":true,"valueName":"search_term_string"}}],"inLanguage":"es-CO"},{"@type":["Person","Organization"],"@id":"https:\/\/www.adondequierenir.com\/#\/schema\/person\/83485548bc9e14e5d02478eab46f9302","name":"p@m@rt1n","image":{"@type":"ImageObject","inLanguage":"es-CO","@id":"https:\/\/www.adondequierenir.com\/#\/schema\/person\/image\/","url":"https:\/\/www.adondequierenir.com\/wp-content\/uploads\/2023\/11\/59132335-e1e2-4bf2-8d9a-1993d6e55eac.jpeg","contentUrl":"https:\/\/www.adondequierenir.com\/wp-content\/uploads\/2023\/11\/59132335-e1e2-4bf2-8d9a-1993d6e55eac.jpeg","width":1024,"height":1024,"caption":"p@m@rt1n"},"logo":{"@id":"https:\/\/www.adondequierenir.com\/#\/schema\/person\/image\/"},"sameAs":["https:\/\/www.adondequierenir.com","https:\/\/www.facebook.com\/adonde.q.ir"]}]}},"_links":{"self":[{"href":"https:\/\/www.adondequierenir.com\/index.php\/wp-json\/wp\/v2\/pages\/113","targetHints":{"allow":["GET"]}}],"collection":[{"href":"https:\/\/www.adondequierenir.com\/index.php\/wp-json\/wp\/v2\/pages"}],"about":[{"href":"https:\/\/www.adondequierenir.com\/index.php\/wp-json\/wp\/v2\/types\/page"}],"author":[{"embeddable":true,"href":"https:\/\/www.adondequierenir.com\/index.php\/wp-json\/wp\/v2\/users\/1"}],"replies":[{"embeddable":true,"href":"https:\/\/www.adondequierenir.com\/index.php\/wp-json\/wp\/v2\/comments?post=113"}],"version-history":[{"count":0,"href":"https:\/\/www.adondequierenir.com\/index.php\/wp-json\/wp\/v2\/pages\/113\/revisions"}],"wp:attachment":[{"href":"https:\/\/www.adondequierenir.com\/index.php\/wp-json\/wp\/v2\/media?parent=113"}],"curies":[{"name":"wp","href":"https:\/\/api.w.org\/{rel}","templated":true}]}}