{"id":31,"date":"2021-01-22T18:22:00","date_gmt":"2021-01-22T23:22:00","guid":{"rendered":"https:\/\/www.adondequierenir.com\/index.php\/loma-de-la-cruz-cali\/"},"modified":"2021-01-22T18:22:00","modified_gmt":"2021-01-22T23:22:00","slug":"loma-de-la-cruz-cali","status":"publish","type":"page","link":"https:\/\/www.adondequierenir.com\/index.php\/loma-de-la-cruz-cali\/","title":{"rendered":"Loma de La Cruz Cali"},"content":{"rendered":"<p style=\"text-align: center;\"><span style=\"font-family: arial black,avant garde;\">LOMA DE LA CRUZ CALI 2018<br \/><\/span><\/p>\n<p style=\"text-align: center;\"><span style=\"font-family: arial black,avant garde;\">PARQUE ARTESANAL LOMA DE LA CRUZ<br \/><\/span><\/p>\n<p style=\"text-align: left;\"><span style=\"font-family: arial black,avant garde;\">Talleres de danzas ind\u00edgenas-Parque Artesanal Loma de la Cruz-7:00 pm a 9:00 pm-5571801 &#8211; 3155398936<\/span><\/p>\n<p style=\"text-align: left;\">\u00a0<\/p>\n<p><!--more--><\/p>\n<ul>\n<li style=\"text-align: justify;\"><strong>El principal prop\u00f3sito de la conmemoraci\u00f3n del D\u00eda del Artesano es reconocer la trascendencia de la labor artesanal en el quehacer cultural de las diferentes regiones del mundo, adem\u00e1s, de promover el desarrollo y los valores tradicionales de aquellos que a\u00fan mantienen vivo el esp\u00edritu art\u00edstico.<\/strong>\u00a0 <strong><br \/><\/strong><\/li>\n<li style=\"text-align: justify;\">El producto artesanal tiene la virtud de ser elaborado a mano y con el valor agregado de cada objeto invaluable.\u00a0<\/li>\n<li style=\"text-align: justify;\">\u201cEn cualquier parte del mundo encontramos artesanos que con sus manos y talento realizan esculturas, pinturas, adornos, tallados en madera y muchos m\u00e1s objetos \u00fanicos e irrepetibles. Los artesanos son los que mantienen viva la cultura y el arte de cada regi\u00f3n del mundo\u201d.<\/li>\n<li style=\"text-align: justify;\">Los artesanos son reconocidos en el mundo como grandes creadores de obras de arte, como tejedores de ilusiones, hiladores de sue\u00f1os, pintores de arco iris, orfebres del universo, escultores de tesoros, ebanistas de recuerdos, compositores de almas, carpinteros de mundos y hasta artesanos de la vida.<\/li>\n<li style=\"text-align: justify;\"><strong>Se Invita a los cale\u00f1os y turistas a que asistan masivamente a este parque artesanal y conozcan el trabajo de los artesanos, porque como dice el lema, \u2018A la Loma de la Cruz va todo el mundo\u2019. <\/strong><\/li>\n<li style=\"text-align: center;\"><span style=\"font-family: arial black,avant garde;\"><img decoding=\"async\" src=\"images\/img_lugares_cali\/loma-de-la-cruz_b.jpg\" alt=\"\" border=\"0\" \/><\/span><\/li>\n<\/ul>\n<p style=\"text-align: center;\">\u00a0<\/p>\n<p style=\"text-align: center;\">\u00a0<\/p>\n<p style=\"text-align: center;\"><span style=\"font-family: arial black,avant garde;\">PARQUE LOMA DE LA CRUZ CALI<\/span><\/p>\n<p style=\"text-align: center;\">\u00a0<\/p>\n<p style=\"text-align: center;\">\u00a0<span style=\"font-family: arial black,avant garde; background-color: #ffffff;\"><img decoding=\"async\" src=\"images\/img_lugares_cali\/loma-de-la-cruz_a.jpg\" alt=\"\" border=\"0\" \/>\u00a0<\/span><\/p>\n<p>\u00a0<\/p>\n<p style=\"text-align: center;\">.<\/p>\n<p><span style=\"font-size: small; font-family: arial black,avant garde; color: #000000;\">\u00a0<img decoding=\"async\" style=\"display: block; margin-left: auto; margin-right: auto;\" src=\"images\/img_lugares_cali\/loma-de-la-cruz.jpg\" alt=\"\" border=\"0\" \/><\/span><\/p>\n<p>\u00a0<\/p>\n<p style=\"text-align: justify;\">\u00a0<\/p>\n<hr \/>\n<p style=\"text-align: justify;\">\u00a0<\/p>\n<p style=\"text-align: center;\"> <strong>Parque La Loma de La Cruz<\/strong><br \/><strong>Direcci\u00f2n <\/strong>:<br \/>Calle 5a, Carrera 16, Carrera 14<br \/><strong>Cali\u00a0 &#8211; Valle &#8211;\u00a0 Colombia<\/strong><\/p>\n","protected":false},"excerpt":{"rendered":"<p>LOMA DE LA CRUZ CALI 2018 PARQUE ARTESANAL LOMA DE LA CRUZ Talleres de danzas ind\u00edgenas-Parque Artesanal Loma de la Cruz-7:00 pm a 9:00 pm-5571801 &#8211; 3155398936 \u00a0<\/p>\n","protected":false},"author":1,"featured_media":0,"parent":0,"menu_order":6,"comment_status":"closed","ping_status":"closed","template":"","meta":{"footnotes":""},"class_list":["post-31","page","type-page","status-publish","hentry"],"yoast_head":"<!-- This site is optimized with the Yoast SEO plugin v26.8 - https:\/\/yoast.com\/product\/yoast-seo-wordpress\/ -->\n<title>Loma de La Cruz Cali - Bienvenido a Adondequierenir.com<\/title>\n<meta name=\"robots\" content=\"index, follow, max-snippet:-1, max-image-preview:large, max-video-preview:-1\" \/>\n<link rel=\"canonical\" href=\"https:\/\/www.adondequierenir.com\/index.php\/loma-de-la-cruz-cali\/\" \/>\n<meta property=\"og:locale\" content=\"es_ES\" \/>\n<meta property=\"og:type\" content=\"article\" \/>\n<meta property=\"og:title\" content=\"Loma de La Cruz Cali - Bienvenido a Adondequierenir.com\" \/>\n<meta property=\"og:description\" content=\"LOMA DE LA CRUZ CALI 2018 PARQUE ARTESANAL LOMA DE LA CRUZ Talleres de danzas ind\u00edgenas-Parque Artesanal Loma de la Cruz-7:00 pm a 9:00 pm-5571801 &#8211; 3155398936 \u00a0\" \/>\n<meta property=\"og:url\" content=\"https:\/\/www.adondequierenir.com\/index.php\/loma-de-la-cruz-cali\/\" \/>\n<meta property=\"og:site_name\" content=\"Bienvenido a Adondequierenir.com\" \/>\n<meta property=\"article:publisher\" content=\"https:\/\/www.facebook.com\/adonde.q.ir\" \/>\n<meta name=\"twitter:card\" content=\"summary_large_image\" \/>\n<meta name=\"twitter:label1\" content=\"Tiempo de lectura\" \/>\n\t<meta name=\"twitter:data1\" content=\"1 minuto\" \/>\n<script type=\"application\/ld+json\" class=\"yoast-schema-graph\">{\"@context\":\"https:\/\/schema.org\",\"@graph\":[{\"@type\":\"WebPage\",\"@id\":\"https:\/\/www.adondequierenir.com\/index.php\/loma-de-la-cruz-cali\/\",\"url\":\"https:\/\/www.adondequierenir.com\/index.php\/loma-de-la-cruz-cali\/\",\"name\":\"Loma de La Cruz Cali - Bienvenido a Adondequierenir.com\",\"isPartOf\":{\"@id\":\"https:\/\/www.adondequierenir.com\/#website\"},\"datePublished\":\"2021-01-22T23:22:00+00:00\",\"breadcrumb\":{\"@id\":\"https:\/\/www.adondequierenir.com\/index.php\/loma-de-la-cruz-cali\/#breadcrumb\"},\"inLanguage\":\"es-CO\",\"potentialAction\":[{\"@type\":\"ReadAction\",\"target\":[\"https:\/\/www.adondequierenir.com\/index.php\/loma-de-la-cruz-cali\/\"]}]},{\"@type\":\"BreadcrumbList\",\"@id\":\"https:\/\/www.adondequierenir.com\/index.php\/loma-de-la-cruz-cali\/#breadcrumb\",\"itemListElement\":[{\"@type\":\"ListItem\",\"position\":1,\"name\":\"Inicio\",\"item\":\"https:\/\/www.adondequierenir.com\/\"},{\"@type\":\"ListItem\",\"position\":2,\"name\":\"Loma de La Cruz Cali\"}]},{\"@type\":\"WebSite\",\"@id\":\"https:\/\/www.adondequierenir.com\/#website\",\"url\":\"https:\/\/www.adondequierenir.com\/\",\"name\":\"Bienvenido a Adondequierenir.com\",\"description\":\"\",\"publisher\":{\"@id\":\"https:\/\/www.adondequierenir.com\/#\/schema\/person\/83485548bc9e14e5d02478eab46f9302\"},\"potentialAction\":[{\"@type\":\"SearchAction\",\"target\":{\"@type\":\"EntryPoint\",\"urlTemplate\":\"https:\/\/www.adondequierenir.com\/?s={search_term_string}\"},\"query-input\":{\"@type\":\"PropertyValueSpecification\",\"valueRequired\":true,\"valueName\":\"search_term_string\"}}],\"inLanguage\":\"es-CO\"},{\"@type\":[\"Person\",\"Organization\"],\"@id\":\"https:\/\/www.adondequierenir.com\/#\/schema\/person\/83485548bc9e14e5d02478eab46f9302\",\"name\":\"p@m@rt1n\",\"image\":{\"@type\":\"ImageObject\",\"inLanguage\":\"es-CO\",\"@id\":\"https:\/\/www.adondequierenir.com\/#\/schema\/person\/image\/\",\"url\":\"https:\/\/www.adondequierenir.com\/wp-content\/uploads\/2023\/11\/59132335-e1e2-4bf2-8d9a-1993d6e55eac.jpeg\",\"contentUrl\":\"https:\/\/www.adondequierenir.com\/wp-content\/uploads\/2023\/11\/59132335-e1e2-4bf2-8d9a-1993d6e55eac.jpeg\",\"width\":1024,\"height\":1024,\"caption\":\"p@m@rt1n\"},\"logo\":{\"@id\":\"https:\/\/www.adondequierenir.com\/#\/schema\/person\/image\/\"},\"sameAs\":[\"https:\/\/www.adondequierenir.com\",\"https:\/\/www.facebook.com\/adonde.q.ir\"]}]}<\/script>\n<!-- \/ Yoast SEO plugin. -->","yoast_head_json":{"title":"Loma de La Cruz Cali - Bienvenido a Adondequierenir.com","robots":{"index":"index","follow":"follow","max-snippet":"max-snippet:-1","max-image-preview":"max-image-preview:large","max-video-preview":"max-video-preview:-1"},"canonical":"https:\/\/www.adondequierenir.com\/index.php\/loma-de-la-cruz-cali\/","og_locale":"es_ES","og_type":"article","og_title":"Loma de La Cruz Cali - Bienvenido a Adondequierenir.com","og_description":"LOMA DE LA CRUZ CALI 2018 PARQUE ARTESANAL LOMA DE LA CRUZ Talleres de danzas ind\u00edgenas-Parque Artesanal Loma de la Cruz-7:00 pm a 9:00 pm-5571801 &#8211; 3155398936 \u00a0","og_url":"https:\/\/www.adondequierenir.com\/index.php\/loma-de-la-cruz-cali\/","og_site_name":"Bienvenido a Adondequierenir.com","article_publisher":"https:\/\/www.facebook.com\/adonde.q.ir","twitter_card":"summary_large_image","twitter_misc":{"Tiempo de lectura":"1 minuto"},"schema":{"@context":"https:\/\/schema.org","@graph":[{"@type":"WebPage","@id":"https:\/\/www.adondequierenir.com\/index.php\/loma-de-la-cruz-cali\/","url":"https:\/\/www.adondequierenir.com\/index.php\/loma-de-la-cruz-cali\/","name":"Loma de La Cruz Cali - Bienvenido a Adondequierenir.com","isPartOf":{"@id":"https:\/\/www.adondequierenir.com\/#website"},"datePublished":"2021-01-22T23:22:00+00:00","breadcrumb":{"@id":"https:\/\/www.adondequierenir.com\/index.php\/loma-de-la-cruz-cali\/#breadcrumb"},"inLanguage":"es-CO","potentialAction":[{"@type":"ReadAction","target":["https:\/\/www.adondequierenir.com\/index.php\/loma-de-la-cruz-cali\/"]}]},{"@type":"BreadcrumbList","@id":"https:\/\/www.adondequierenir.com\/index.php\/loma-de-la-cruz-cali\/#breadcrumb","itemListElement":[{"@type":"ListItem","position":1,"name":"Inicio","item":"https:\/\/www.adondequierenir.com\/"},{"@type":"ListItem","position":2,"name":"Loma de La Cruz Cali"}]},{"@type":"WebSite","@id":"https:\/\/www.adondequierenir.com\/#website","url":"https:\/\/www.adondequierenir.com\/","name":"Bienvenido a Adondequierenir.com","description":"","publisher":{"@id":"https:\/\/www.adondequierenir.com\/#\/schema\/person\/83485548bc9e14e5d02478eab46f9302"},"potentialAction":[{"@type":"SearchAction","target":{"@type":"EntryPoint","urlTemplate":"https:\/\/www.adondequierenir.com\/?s={search_term_string}"},"query-input":{"@type":"PropertyValueSpecification","valueRequired":true,"valueName":"search_term_string"}}],"inLanguage":"es-CO"},{"@type":["Person","Organization"],"@id":"https:\/\/www.adondequierenir.com\/#\/schema\/person\/83485548bc9e14e5d02478eab46f9302","name":"p@m@rt1n","image":{"@type":"ImageObject","inLanguage":"es-CO","@id":"https:\/\/www.adondequierenir.com\/#\/schema\/person\/image\/","url":"https:\/\/www.adondequierenir.com\/wp-content\/uploads\/2023\/11\/59132335-e1e2-4bf2-8d9a-1993d6e55eac.jpeg","contentUrl":"https:\/\/www.adondequierenir.com\/wp-content\/uploads\/2023\/11\/59132335-e1e2-4bf2-8d9a-1993d6e55eac.jpeg","width":1024,"height":1024,"caption":"p@m@rt1n"},"logo":{"@id":"https:\/\/www.adondequierenir.com\/#\/schema\/person\/image\/"},"sameAs":["https:\/\/www.adondequierenir.com","https:\/\/www.facebook.com\/adonde.q.ir"]}]}},"_links":{"self":[{"href":"https:\/\/www.adondequierenir.com\/index.php\/wp-json\/wp\/v2\/pages\/31","targetHints":{"allow":["GET"]}}],"collection":[{"href":"https:\/\/www.adondequierenir.com\/index.php\/wp-json\/wp\/v2\/pages"}],"about":[{"href":"https:\/\/www.adondequierenir.com\/index.php\/wp-json\/wp\/v2\/types\/page"}],"author":[{"embeddable":true,"href":"https:\/\/www.adondequierenir.com\/index.php\/wp-json\/wp\/v2\/users\/1"}],"replies":[{"embeddable":true,"href":"https:\/\/www.adondequierenir.com\/index.php\/wp-json\/wp\/v2\/comments?post=31"}],"version-history":[{"count":0,"href":"https:\/\/www.adondequierenir.com\/index.php\/wp-json\/wp\/v2\/pages\/31\/revisions"}],"wp:attachment":[{"href":"https:\/\/www.adondequierenir.com\/index.php\/wp-json\/wp\/v2\/media?parent=31"}],"curies":[{"name":"wp","href":"https:\/\/api.w.org\/{rel}","templated":true}]}}