{"id":39,"date":"2021-01-22T18:22:49","date_gmt":"2021-01-22T23:22:49","guid":{"rendered":"https:\/\/www.adondequierenir.com\/index.php\/aguaparque-de-la-cana\/"},"modified":"2021-01-22T18:22:49","modified_gmt":"2021-01-22T23:22:49","slug":"aguaparque-de-la-cana","status":"publish","type":"page","link":"https:\/\/www.adondequierenir.com\/index.php\/aguaparque-de-la-cana\/","title":{"rendered":"Acuaparque de la Ca\u00f1a"},"content":{"rendered":"<p style=\"text-align: justify;\">Es uno de los complejos de entretenimiento m\u00e1s visitados y completos del sur-occidente colombiano con un aforo de uso diario para 20.000 visitantes. Fue inaugurado en 1983 con la intenci\u00f3n de servir y proporcionar diversi\u00f3n a las personas de menos recursos econ\u00f3micos.<\/p>\n<p><!--more--><\/p>\n<p style=\"text-align: justify;\">En sus casi 200.000 metros cuadrados de superficie se destacan interesantes atracciones acu\u00e1ticas como la piscina con olas (que de hecho fue la primera piscina de este tipo en el pa\u00eds); la piscina tarzanera, la piscina semi ol\u00edmpica, la piscina interactiva para ni\u00f1os, la piscina de botes chocones y tres toboganes (Kamikasi, Familiar, Hidrotubo).<\/p>\n<p style=\"text-align: justify;\">Sobresale un \u00e1rea con juegos mec\u00e1nicos como la monta\u00f1a rusa, una pista de Karts, una pista de carros chocones, y para los m\u00e1s peque\u00f1os, un \u00e1rea con m\u00e1s de 20 juegos infantiles. Tambi\u00e9n hace parte de la oferta de diversi\u00f3n del parque un lago para pesca deportiva, canchas de f\u00fatbol, microf\u00fatbol, baloncesto, voleibol, tenis, softbol, dos kioscos con capacidad para 2000 personas, y zona de espect\u00e1culos.<\/p>\n<p style=\"text-align: justify;\">Como complemento a esta gran oferta de opciones de entretenimiento; el parque cuenta con una completa infraestructura de servicios que incluyen siete restaurantes, locales de comidas r\u00e1pidas, helader\u00edas, puesto de salud, ba\u00f1os, entre muchos otros.<\/p>\n<p style=\"text-align: justify;\">Las instalaciones del parque se aprovechan para ofrecer a los visitantes diferentes clases de eventos como espect\u00e1culos musicales, bailes y danzas, presentaciones de teatro, exposiciones de arte (pintura, plastilina, artesan\u00edas); fomentando formas de interacci\u00f3n que complementen la sana diversi\u00f3n con la cultura.<\/p>\n<p style=\"text-align: justify;\">Durante Los Juegos Mundiales 2013, este parque ser\u00e1 escenario para las competencias preliminares de arquer\u00eda en las modalidades de arco desnudo, compuesto y recurvo.<\/p>\n<p style=\"text-align: justify;\">\u00a0<\/p>\n<p>{loadmodule BT Google Maps}<br \/>DIRECCI\u00d3N: Cra 8 # 39-01<\/p>\n<p>TEL\u00c9FONO: 438 4820 Ext. 112-113<\/p>\n","protected":false},"excerpt":{"rendered":"<p>Es uno de los complejos de entretenimiento m\u00e1s visitados y completos del sur-occidente colombiano con un aforo de uso diario para 20.000 visitantes. Fue inaugurado en 1983 con la intenci\u00f3n de servir y proporcionar diversi\u00f3n &hellip; <\/p>\n","protected":false},"author":1,"featured_media":0,"parent":0,"menu_order":11,"comment_status":"closed","ping_status":"closed","template":"","meta":{"footnotes":""},"class_list":["post-39","page","type-page","status-publish","hentry"],"yoast_head":"<!-- This site is optimized with the Yoast SEO plugin v26.8 - https:\/\/yoast.com\/product\/yoast-seo-wordpress\/ -->\n<title>Acuaparque de la Ca\u00f1a - Bienvenido a Adondequierenir.com<\/title>\n<meta name=\"robots\" content=\"index, follow, max-snippet:-1, max-image-preview:large, max-video-preview:-1\" \/>\n<link rel=\"canonical\" href=\"https:\/\/www.adondequierenir.com\/index.php\/aguaparque-de-la-cana\/\" \/>\n<meta property=\"og:locale\" content=\"es_ES\" \/>\n<meta property=\"og:type\" content=\"article\" \/>\n<meta property=\"og:title\" content=\"Acuaparque de la Ca\u00f1a - Bienvenido a Adondequierenir.com\" \/>\n<meta property=\"og:description\" content=\"Es uno de los complejos de entretenimiento m\u00e1s visitados y completos del sur-occidente colombiano con un aforo de uso diario para 20.000 visitantes. Fue inaugurado en 1983 con la intenci\u00f3n de servir y proporcionar diversi\u00f3n &hellip;\" \/>\n<meta property=\"og:url\" content=\"https:\/\/www.adondequierenir.com\/index.php\/aguaparque-de-la-cana\/\" \/>\n<meta property=\"og:site_name\" content=\"Bienvenido a Adondequierenir.com\" \/>\n<meta property=\"article:publisher\" content=\"https:\/\/www.facebook.com\/adonde.q.ir\" \/>\n<meta name=\"twitter:card\" content=\"summary_large_image\" \/>\n<meta name=\"twitter:label1\" content=\"Tiempo de lectura\" \/>\n\t<meta name=\"twitter:data1\" content=\"1 minuto\" \/>\n<script type=\"application\/ld+json\" class=\"yoast-schema-graph\">{\"@context\":\"https:\/\/schema.org\",\"@graph\":[{\"@type\":\"WebPage\",\"@id\":\"https:\/\/www.adondequierenir.com\/index.php\/aguaparque-de-la-cana\/\",\"url\":\"https:\/\/www.adondequierenir.com\/index.php\/aguaparque-de-la-cana\/\",\"name\":\"Acuaparque de la Ca\u00f1a - Bienvenido a Adondequierenir.com\",\"isPartOf\":{\"@id\":\"https:\/\/www.adondequierenir.com\/#website\"},\"datePublished\":\"2021-01-22T23:22:49+00:00\",\"breadcrumb\":{\"@id\":\"https:\/\/www.adondequierenir.com\/index.php\/aguaparque-de-la-cana\/#breadcrumb\"},\"inLanguage\":\"es-CO\",\"potentialAction\":[{\"@type\":\"ReadAction\",\"target\":[\"https:\/\/www.adondequierenir.com\/index.php\/aguaparque-de-la-cana\/\"]}]},{\"@type\":\"BreadcrumbList\",\"@id\":\"https:\/\/www.adondequierenir.com\/index.php\/aguaparque-de-la-cana\/#breadcrumb\",\"itemListElement\":[{\"@type\":\"ListItem\",\"position\":1,\"name\":\"Inicio\",\"item\":\"https:\/\/www.adondequierenir.com\/\"},{\"@type\":\"ListItem\",\"position\":2,\"name\":\"Acuaparque de la Ca\u00f1a\"}]},{\"@type\":\"WebSite\",\"@id\":\"https:\/\/www.adondequierenir.com\/#website\",\"url\":\"https:\/\/www.adondequierenir.com\/\",\"name\":\"Bienvenido a Adondequierenir.com\",\"description\":\"\",\"publisher\":{\"@id\":\"https:\/\/www.adondequierenir.com\/#\/schema\/person\/83485548bc9e14e5d02478eab46f9302\"},\"potentialAction\":[{\"@type\":\"SearchAction\",\"target\":{\"@type\":\"EntryPoint\",\"urlTemplate\":\"https:\/\/www.adondequierenir.com\/?s={search_term_string}\"},\"query-input\":{\"@type\":\"PropertyValueSpecification\",\"valueRequired\":true,\"valueName\":\"search_term_string\"}}],\"inLanguage\":\"es-CO\"},{\"@type\":[\"Person\",\"Organization\"],\"@id\":\"https:\/\/www.adondequierenir.com\/#\/schema\/person\/83485548bc9e14e5d02478eab46f9302\",\"name\":\"p@m@rt1n\",\"image\":{\"@type\":\"ImageObject\",\"inLanguage\":\"es-CO\",\"@id\":\"https:\/\/www.adondequierenir.com\/#\/schema\/person\/image\/\",\"url\":\"https:\/\/www.adondequierenir.com\/wp-content\/uploads\/2023\/11\/59132335-e1e2-4bf2-8d9a-1993d6e55eac.jpeg\",\"contentUrl\":\"https:\/\/www.adondequierenir.com\/wp-content\/uploads\/2023\/11\/59132335-e1e2-4bf2-8d9a-1993d6e55eac.jpeg\",\"width\":1024,\"height\":1024,\"caption\":\"p@m@rt1n\"},\"logo\":{\"@id\":\"https:\/\/www.adondequierenir.com\/#\/schema\/person\/image\/\"},\"sameAs\":[\"https:\/\/www.adondequierenir.com\",\"https:\/\/www.facebook.com\/adonde.q.ir\"]}]}<\/script>\n<!-- \/ Yoast SEO plugin. -->","yoast_head_json":{"title":"Acuaparque de la Ca\u00f1a - Bienvenido a Adondequierenir.com","robots":{"index":"index","follow":"follow","max-snippet":"max-snippet:-1","max-image-preview":"max-image-preview:large","max-video-preview":"max-video-preview:-1"},"canonical":"https:\/\/www.adondequierenir.com\/index.php\/aguaparque-de-la-cana\/","og_locale":"es_ES","og_type":"article","og_title":"Acuaparque de la Ca\u00f1a - Bienvenido a Adondequierenir.com","og_description":"Es uno de los complejos de entretenimiento m\u00e1s visitados y completos del sur-occidente colombiano con un aforo de uso diario para 20.000 visitantes. Fue inaugurado en 1983 con la intenci\u00f3n de servir y proporcionar diversi\u00f3n &hellip;","og_url":"https:\/\/www.adondequierenir.com\/index.php\/aguaparque-de-la-cana\/","og_site_name":"Bienvenido a Adondequierenir.com","article_publisher":"https:\/\/www.facebook.com\/adonde.q.ir","twitter_card":"summary_large_image","twitter_misc":{"Tiempo de lectura":"1 minuto"},"schema":{"@context":"https:\/\/schema.org","@graph":[{"@type":"WebPage","@id":"https:\/\/www.adondequierenir.com\/index.php\/aguaparque-de-la-cana\/","url":"https:\/\/www.adondequierenir.com\/index.php\/aguaparque-de-la-cana\/","name":"Acuaparque de la Ca\u00f1a - Bienvenido a Adondequierenir.com","isPartOf":{"@id":"https:\/\/www.adondequierenir.com\/#website"},"datePublished":"2021-01-22T23:22:49+00:00","breadcrumb":{"@id":"https:\/\/www.adondequierenir.com\/index.php\/aguaparque-de-la-cana\/#breadcrumb"},"inLanguage":"es-CO","potentialAction":[{"@type":"ReadAction","target":["https:\/\/www.adondequierenir.com\/index.php\/aguaparque-de-la-cana\/"]}]},{"@type":"BreadcrumbList","@id":"https:\/\/www.adondequierenir.com\/index.php\/aguaparque-de-la-cana\/#breadcrumb","itemListElement":[{"@type":"ListItem","position":1,"name":"Inicio","item":"https:\/\/www.adondequierenir.com\/"},{"@type":"ListItem","position":2,"name":"Acuaparque de la Ca\u00f1a"}]},{"@type":"WebSite","@id":"https:\/\/www.adondequierenir.com\/#website","url":"https:\/\/www.adondequierenir.com\/","name":"Bienvenido a Adondequierenir.com","description":"","publisher":{"@id":"https:\/\/www.adondequierenir.com\/#\/schema\/person\/83485548bc9e14e5d02478eab46f9302"},"potentialAction":[{"@type":"SearchAction","target":{"@type":"EntryPoint","urlTemplate":"https:\/\/www.adondequierenir.com\/?s={search_term_string}"},"query-input":{"@type":"PropertyValueSpecification","valueRequired":true,"valueName":"search_term_string"}}],"inLanguage":"es-CO"},{"@type":["Person","Organization"],"@id":"https:\/\/www.adondequierenir.com\/#\/schema\/person\/83485548bc9e14e5d02478eab46f9302","name":"p@m@rt1n","image":{"@type":"ImageObject","inLanguage":"es-CO","@id":"https:\/\/www.adondequierenir.com\/#\/schema\/person\/image\/","url":"https:\/\/www.adondequierenir.com\/wp-content\/uploads\/2023\/11\/59132335-e1e2-4bf2-8d9a-1993d6e55eac.jpeg","contentUrl":"https:\/\/www.adondequierenir.com\/wp-content\/uploads\/2023\/11\/59132335-e1e2-4bf2-8d9a-1993d6e55eac.jpeg","width":1024,"height":1024,"caption":"p@m@rt1n"},"logo":{"@id":"https:\/\/www.adondequierenir.com\/#\/schema\/person\/image\/"},"sameAs":["https:\/\/www.adondequierenir.com","https:\/\/www.facebook.com\/adonde.q.ir"]}]}},"_links":{"self":[{"href":"https:\/\/www.adondequierenir.com\/index.php\/wp-json\/wp\/v2\/pages\/39","targetHints":{"allow":["GET"]}}],"collection":[{"href":"https:\/\/www.adondequierenir.com\/index.php\/wp-json\/wp\/v2\/pages"}],"about":[{"href":"https:\/\/www.adondequierenir.com\/index.php\/wp-json\/wp\/v2\/types\/page"}],"author":[{"embeddable":true,"href":"https:\/\/www.adondequierenir.com\/index.php\/wp-json\/wp\/v2\/users\/1"}],"replies":[{"embeddable":true,"href":"https:\/\/www.adondequierenir.com\/index.php\/wp-json\/wp\/v2\/comments?post=39"}],"version-history":[{"count":0,"href":"https:\/\/www.adondequierenir.com\/index.php\/wp-json\/wp\/v2\/pages\/39\/revisions"}],"wp:attachment":[{"href":"https:\/\/www.adondequierenir.com\/index.php\/wp-json\/wp\/v2\/media?parent=39"}],"curies":[{"name":"wp","href":"https:\/\/api.w.org\/{rel}","templated":true}]}}