{"id":55,"date":"2012-04-13T03:08:46","date_gmt":"2012-04-13T08:08:46","guid":{"rendered":"https:\/\/www.adondequierenir.com\/index.php\/museo-aereo-fenix\/"},"modified":"2012-04-13T03:08:46","modified_gmt":"2012-04-13T08:08:46","slug":"museo-aereo-fenix","status":"publish","type":"page","link":"https:\/\/www.adondequierenir.com\/index.php\/museo-aereo-fenix\/","title":{"rendered":"Museo Aereo Fenix"},"content":{"rendered":"<p>El MUSEO A\u00c9REO F\u00c9NIX es una fundaci\u00f3n privada sin \u00e1nimo de lucro,<\/p>\n<p><!--more--><\/p>\n<p>ubicada en el municipio de Palmira, contiguo a la Zona Franca de Palmaseca. Es la entrada No. 9 del Aeropuerto Alfonso Bonilla Arag\u00f3n que sirve a la ciudad Santiago de Cali, Colombia.<\/p>\n<p>Las instalaciones del museo dan alberge a una colecci\u00f3n de aviones, motores de aviaci\u00f3n y trajes de vuelo que datan desde antes de la segunda guerra mundial hasta nuestros tiempos. La mayor\u00eda de las aeronaves entre las que se cuentan un Douglas C-47B, un Beechcraft C-45, un North American AT-6D y un Stearman PT-17, est\u00e1n operativas y desde la sala de exhibici\u00f3n se comunican con la pista de aterrizaje. A lo anterior se agrega una magn\u00edfica y creciente exhibici\u00f3n de modelos a escala representados en detallad\u00edsimos dioramas. Esta es una caracter\u00edstica, que por su nivel de realismo, dif\u00edcilmente se encuentra en otras instituciones similares en el mundo.<\/p>\n<p>Adem\u00e1s de que el museo tiene como vocaci\u00f3n principal la aviaci\u00f3n en su tecnolog\u00eda e historia, cuenta con una Divisi\u00f3n Ferroviaria donde se conservan locomotoras a vapor que operaron para los Ferrocarriles Nacionales a principios del siglo XX. Como parte del tema ferroviario se tiene una magnifica maqueta funcional a escala 1:87 que ocupa una extensi\u00f3n de 450 metros cuadrados y la tercera m\u00e1s gran del mundo. Se est\u00e1n desarrollando maquetas ferroviarias en escalas 1:48 y 1:20.3 de trocha angosta.<\/p>\n<p><img decoding=\"async\" style=\"display: block; margin-left: auto; margin-right: auto;\" src=\"images\/logos_articulos\/museo-aereo-fenix.jpg\" alt=\"\" border=\"0\" \/><\/p>\n<p>Entre las facilidades del museo se tienen: un amplio estacionamiento cerrado para veh\u00edculos, tienda de souvenirs, cafeter\u00eda y taller de modelismo. La exhibici\u00f3n tiene instructivos para las visitas individuales adem\u00e1s de disponer de gu\u00edas para grupos. El museo est\u00e1 concebido principalmente para atender conjuntos estudiantiles brindando la facilidad de aprender en forma amena y explicada, viendo los objetos reales.<\/p>\n<p>Para programar las visitas de grupos, se solicita llamar al tel\u00e9fono 2705008 Palmira o Cel. 3113643266.<\/p>\n","protected":false},"excerpt":{"rendered":"<p>El MUSEO A\u00c9REO F\u00c9NIX es una fundaci\u00f3n privada sin \u00e1nimo de lucro,<\/p>\n","protected":false},"author":1,"featured_media":0,"parent":0,"menu_order":7,"comment_status":"closed","ping_status":"closed","template":"","meta":{"footnotes":""},"class_list":["post-55","page","type-page","status-publish","hentry"],"yoast_head":"<!-- This site is optimized with the Yoast SEO plugin v26.8 - https:\/\/yoast.com\/product\/yoast-seo-wordpress\/ -->\n<title>Museo Aereo Fenix - Bienvenido a Adondequierenir.com<\/title>\n<meta name=\"robots\" content=\"index, follow, max-snippet:-1, max-image-preview:large, max-video-preview:-1\" \/>\n<link rel=\"canonical\" href=\"https:\/\/www.adondequierenir.com\/index.php\/museo-aereo-fenix\/\" \/>\n<meta property=\"og:locale\" content=\"es_ES\" \/>\n<meta property=\"og:type\" content=\"article\" \/>\n<meta property=\"og:title\" content=\"Museo Aereo Fenix - Bienvenido a Adondequierenir.com\" \/>\n<meta property=\"og:description\" content=\"El MUSEO A\u00c9REO F\u00c9NIX es una fundaci\u00f3n privada sin \u00e1nimo de lucro,\" \/>\n<meta property=\"og:url\" content=\"https:\/\/www.adondequierenir.com\/index.php\/museo-aereo-fenix\/\" \/>\n<meta property=\"og:site_name\" content=\"Bienvenido a Adondequierenir.com\" \/>\n<meta property=\"article:publisher\" content=\"https:\/\/www.facebook.com\/adonde.q.ir\" \/>\n<meta name=\"twitter:card\" content=\"summary_large_image\" \/>\n<meta name=\"twitter:label1\" content=\"Tiempo de lectura\" \/>\n\t<meta name=\"twitter:data1\" content=\"2 minutos\" \/>\n<script type=\"application\/ld+json\" class=\"yoast-schema-graph\">{\"@context\":\"https:\/\/schema.org\",\"@graph\":[{\"@type\":\"WebPage\",\"@id\":\"https:\/\/www.adondequierenir.com\/index.php\/museo-aereo-fenix\/\",\"url\":\"https:\/\/www.adondequierenir.com\/index.php\/museo-aereo-fenix\/\",\"name\":\"Museo Aereo Fenix - Bienvenido a Adondequierenir.com\",\"isPartOf\":{\"@id\":\"https:\/\/www.adondequierenir.com\/#website\"},\"datePublished\":\"2012-04-13T08:08:46+00:00\",\"breadcrumb\":{\"@id\":\"https:\/\/www.adondequierenir.com\/index.php\/museo-aereo-fenix\/#breadcrumb\"},\"inLanguage\":\"es-CO\",\"potentialAction\":[{\"@type\":\"ReadAction\",\"target\":[\"https:\/\/www.adondequierenir.com\/index.php\/museo-aereo-fenix\/\"]}]},{\"@type\":\"BreadcrumbList\",\"@id\":\"https:\/\/www.adondequierenir.com\/index.php\/museo-aereo-fenix\/#breadcrumb\",\"itemListElement\":[{\"@type\":\"ListItem\",\"position\":1,\"name\":\"Inicio\",\"item\":\"https:\/\/www.adondequierenir.com\/\"},{\"@type\":\"ListItem\",\"position\":2,\"name\":\"Museo Aereo Fenix\"}]},{\"@type\":\"WebSite\",\"@id\":\"https:\/\/www.adondequierenir.com\/#website\",\"url\":\"https:\/\/www.adondequierenir.com\/\",\"name\":\"Bienvenido a Adondequierenir.com\",\"description\":\"\",\"publisher\":{\"@id\":\"https:\/\/www.adondequierenir.com\/#\/schema\/person\/83485548bc9e14e5d02478eab46f9302\"},\"potentialAction\":[{\"@type\":\"SearchAction\",\"target\":{\"@type\":\"EntryPoint\",\"urlTemplate\":\"https:\/\/www.adondequierenir.com\/?s={search_term_string}\"},\"query-input\":{\"@type\":\"PropertyValueSpecification\",\"valueRequired\":true,\"valueName\":\"search_term_string\"}}],\"inLanguage\":\"es-CO\"},{\"@type\":[\"Person\",\"Organization\"],\"@id\":\"https:\/\/www.adondequierenir.com\/#\/schema\/person\/83485548bc9e14e5d02478eab46f9302\",\"name\":\"p@m@rt1n\",\"image\":{\"@type\":\"ImageObject\",\"inLanguage\":\"es-CO\",\"@id\":\"https:\/\/www.adondequierenir.com\/#\/schema\/person\/image\/\",\"url\":\"https:\/\/www.adondequierenir.com\/wp-content\/uploads\/2023\/11\/59132335-e1e2-4bf2-8d9a-1993d6e55eac.jpeg\",\"contentUrl\":\"https:\/\/www.adondequierenir.com\/wp-content\/uploads\/2023\/11\/59132335-e1e2-4bf2-8d9a-1993d6e55eac.jpeg\",\"width\":1024,\"height\":1024,\"caption\":\"p@m@rt1n\"},\"logo\":{\"@id\":\"https:\/\/www.adondequierenir.com\/#\/schema\/person\/image\/\"},\"sameAs\":[\"https:\/\/www.adondequierenir.com\",\"https:\/\/www.facebook.com\/adonde.q.ir\"]}]}<\/script>\n<!-- \/ Yoast SEO plugin. -->","yoast_head_json":{"title":"Museo Aereo Fenix - Bienvenido a Adondequierenir.com","robots":{"index":"index","follow":"follow","max-snippet":"max-snippet:-1","max-image-preview":"max-image-preview:large","max-video-preview":"max-video-preview:-1"},"canonical":"https:\/\/www.adondequierenir.com\/index.php\/museo-aereo-fenix\/","og_locale":"es_ES","og_type":"article","og_title":"Museo Aereo Fenix - Bienvenido a Adondequierenir.com","og_description":"El MUSEO A\u00c9REO F\u00c9NIX es una fundaci\u00f3n privada sin \u00e1nimo de lucro,","og_url":"https:\/\/www.adondequierenir.com\/index.php\/museo-aereo-fenix\/","og_site_name":"Bienvenido a Adondequierenir.com","article_publisher":"https:\/\/www.facebook.com\/adonde.q.ir","twitter_card":"summary_large_image","twitter_misc":{"Tiempo de lectura":"2 minutos"},"schema":{"@context":"https:\/\/schema.org","@graph":[{"@type":"WebPage","@id":"https:\/\/www.adondequierenir.com\/index.php\/museo-aereo-fenix\/","url":"https:\/\/www.adondequierenir.com\/index.php\/museo-aereo-fenix\/","name":"Museo Aereo Fenix - Bienvenido a Adondequierenir.com","isPartOf":{"@id":"https:\/\/www.adondequierenir.com\/#website"},"datePublished":"2012-04-13T08:08:46+00:00","breadcrumb":{"@id":"https:\/\/www.adondequierenir.com\/index.php\/museo-aereo-fenix\/#breadcrumb"},"inLanguage":"es-CO","potentialAction":[{"@type":"ReadAction","target":["https:\/\/www.adondequierenir.com\/index.php\/museo-aereo-fenix\/"]}]},{"@type":"BreadcrumbList","@id":"https:\/\/www.adondequierenir.com\/index.php\/museo-aereo-fenix\/#breadcrumb","itemListElement":[{"@type":"ListItem","position":1,"name":"Inicio","item":"https:\/\/www.adondequierenir.com\/"},{"@type":"ListItem","position":2,"name":"Museo Aereo Fenix"}]},{"@type":"WebSite","@id":"https:\/\/www.adondequierenir.com\/#website","url":"https:\/\/www.adondequierenir.com\/","name":"Bienvenido a Adondequierenir.com","description":"","publisher":{"@id":"https:\/\/www.adondequierenir.com\/#\/schema\/person\/83485548bc9e14e5d02478eab46f9302"},"potentialAction":[{"@type":"SearchAction","target":{"@type":"EntryPoint","urlTemplate":"https:\/\/www.adondequierenir.com\/?s={search_term_string}"},"query-input":{"@type":"PropertyValueSpecification","valueRequired":true,"valueName":"search_term_string"}}],"inLanguage":"es-CO"},{"@type":["Person","Organization"],"@id":"https:\/\/www.adondequierenir.com\/#\/schema\/person\/83485548bc9e14e5d02478eab46f9302","name":"p@m@rt1n","image":{"@type":"ImageObject","inLanguage":"es-CO","@id":"https:\/\/www.adondequierenir.com\/#\/schema\/person\/image\/","url":"https:\/\/www.adondequierenir.com\/wp-content\/uploads\/2023\/11\/59132335-e1e2-4bf2-8d9a-1993d6e55eac.jpeg","contentUrl":"https:\/\/www.adondequierenir.com\/wp-content\/uploads\/2023\/11\/59132335-e1e2-4bf2-8d9a-1993d6e55eac.jpeg","width":1024,"height":1024,"caption":"p@m@rt1n"},"logo":{"@id":"https:\/\/www.adondequierenir.com\/#\/schema\/person\/image\/"},"sameAs":["https:\/\/www.adondequierenir.com","https:\/\/www.facebook.com\/adonde.q.ir"]}]}},"_links":{"self":[{"href":"https:\/\/www.adondequierenir.com\/index.php\/wp-json\/wp\/v2\/pages\/55","targetHints":{"allow":["GET"]}}],"collection":[{"href":"https:\/\/www.adondequierenir.com\/index.php\/wp-json\/wp\/v2\/pages"}],"about":[{"href":"https:\/\/www.adondequierenir.com\/index.php\/wp-json\/wp\/v2\/types\/page"}],"author":[{"embeddable":true,"href":"https:\/\/www.adondequierenir.com\/index.php\/wp-json\/wp\/v2\/users\/1"}],"replies":[{"embeddable":true,"href":"https:\/\/www.adondequierenir.com\/index.php\/wp-json\/wp\/v2\/comments?post=55"}],"version-history":[{"count":0,"href":"https:\/\/www.adondequierenir.com\/index.php\/wp-json\/wp\/v2\/pages\/55\/revisions"}],"wp:attachment":[{"href":"https:\/\/www.adondequierenir.com\/index.php\/wp-json\/wp\/v2\/media?parent=55"}],"curies":[{"name":"wp","href":"https:\/\/api.w.org\/{rel}","templated":true}]}}