{"id":83,"date":"2013-07-18T00:19:56","date_gmt":"2013-07-18T05:19:56","guid":{"rendered":"https:\/\/www.adondequierenir.com\/index.php\/teatro-salamandra\/"},"modified":"2013-07-18T00:19:56","modified_gmt":"2013-07-18T05:19:56","slug":"teatro-salamandra","status":"publish","type":"page","link":"https:\/\/www.adondequierenir.com\/index.php\/teatro-salamandra\/","title":{"rendered":"Teatro Salamandra Cali"},"content":{"rendered":"<p style=\"text-align: center;\"><span style=\"color: #ff0000; font-family: arial black,avant garde;\"><strong><a href=\"index.php\/component\/content\/article\/2-uncategorised\/455-ajazzgo-2013\" target=\"_blank\" rel=\"noopener noreferrer\">PROGRAMACI\u00d2N 201<\/a>8<\/strong><\/span><\/p>\n<p style=\"text-align: left;\"><strong>\u00a1PROGR\u00c1MATE PARA ESTE FIN DE SEMANA!<\/strong><\/p>\n<p>Este VIERNES 24 a las 7:30 pm tendremos la obra de teatro performativo &#8220;MUJER EN LUCHA &#8211; MUJER EN GUERRA&#8221; dirigida, escrita y actuada por Oriana del Mar Salcedo. Esta puesta en escena aborda la tem\u00e1tica del conflicto social, pol\u00edtico y armado de Colombia y su impacto en las mujeres, criticando las estrategias de la guerra a trav\u00e9s de los cuerpos de ellas: C\u00f3mo<span class=\"text_exposed_show\">\u00a0el cuerpo de la mujer es tomado como bot\u00edn de guerra, es un cuerpo\/objeto, cuerpo\/basura, cuerpo\/venganza, cuerpo\/amenaza.<\/span><\/p>\n<p><!--more--><\/p>\n<p style=\"text-align: justify;\"><span class=\"text_exposed_show\"><\/p>\n<p>Y el S\u00c1BADO 25 a las 7:00 pm tendremos el recital &#8220;DANZA CL\u00c1SICA DE LA INDIA&#8221; por la Maestra Carolina Prada, donde llevar\u00e1 al escenario una muestra de su trabajo con el Grupo Odissi Yatra, conformado por sus disc\u00edpulos a nivel nacional (Bogot\u00e1, Medell\u00edn y Cali). Este recital nos invita a vivir y experimentar la simbolog\u00eda, la gracia y el misticismo de las danzas de la India. La Maestra radicada en India desde el a\u00f1o 2008, se ha convertido en una bailarina profesional que se dedica a investigar, coreografiar y actuar a nivel profesional en Mayurbhanj Chhau en estilo femenino y masculino.<\/p>\n<p>\u00a1LOS ESPERAMOS!<\/span><\/p>\n<p>\u00a0<\/p>\n<p style=\"text-align: center;\"><strong>\u00a0<\/strong><\/p>\n<p style=\"text-align: center;\"><strong>TEATRO SALAMANDRA DEL BARCO EBRIO<\/strong><br \/>Cra. 36 # 4A \u2013 31 Barrio San Fernando Viejo <br \/>Cali Colombia<br \/>PARQUEADERO A MEDIA CUADRA<\/p>\n","protected":false},"excerpt":{"rendered":"<p>PROGRAMACI\u00d2N 2018 \u00a1PROGR\u00c1MATE PARA ESTE FIN DE SEMANA! Este VIERNES 24 a las 7:30 pm tendremos la obra de teatro performativo &#8220;MUJER EN LUCHA &#8211; MUJER EN GUERRA&#8221; dirigida, escrita y actuada por Oriana del &hellip; <\/p>\n","protected":false},"author":1,"featured_media":0,"parent":0,"menu_order":11,"comment_status":"closed","ping_status":"closed","template":"","meta":{"footnotes":""},"class_list":["post-83","page","type-page","status-publish","hentry"],"yoast_head":"<!-- This site is optimized with the Yoast SEO plugin v26.8 - https:\/\/yoast.com\/product\/yoast-seo-wordpress\/ -->\n<title>Teatro Salamandra Cali - Bienvenido a Adondequierenir.com<\/title>\n<meta name=\"robots\" content=\"index, follow, max-snippet:-1, max-image-preview:large, max-video-preview:-1\" \/>\n<link rel=\"canonical\" href=\"https:\/\/www.adondequierenir.com\/index.php\/teatro-salamandra\/\" \/>\n<meta property=\"og:locale\" content=\"es_ES\" \/>\n<meta property=\"og:type\" content=\"article\" \/>\n<meta property=\"og:title\" content=\"Teatro Salamandra Cali - Bienvenido a Adondequierenir.com\" \/>\n<meta property=\"og:description\" content=\"PROGRAMACI\u00d2N 2018 \u00a1PROGR\u00c1MATE PARA ESTE FIN DE SEMANA! Este VIERNES 24 a las 7:30 pm tendremos la obra de teatro performativo &#8220;MUJER EN LUCHA &#8211; MUJER EN GUERRA&#8221; dirigida, escrita y actuada por Oriana del &hellip;\" \/>\n<meta property=\"og:url\" content=\"https:\/\/www.adondequierenir.com\/index.php\/teatro-salamandra\/\" \/>\n<meta property=\"og:site_name\" content=\"Bienvenido a Adondequierenir.com\" \/>\n<meta property=\"article:publisher\" content=\"https:\/\/www.facebook.com\/adonde.q.ir\" \/>\n<meta name=\"twitter:card\" content=\"summary_large_image\" \/>\n<meta name=\"twitter:label1\" content=\"Tiempo de lectura\" \/>\n\t<meta name=\"twitter:data1\" content=\"1 minuto\" \/>\n<script type=\"application\/ld+json\" class=\"yoast-schema-graph\">{\"@context\":\"https:\/\/schema.org\",\"@graph\":[{\"@type\":\"WebPage\",\"@id\":\"https:\/\/www.adondequierenir.com\/index.php\/teatro-salamandra\/\",\"url\":\"https:\/\/www.adondequierenir.com\/index.php\/teatro-salamandra\/\",\"name\":\"Teatro Salamandra Cali - Bienvenido a Adondequierenir.com\",\"isPartOf\":{\"@id\":\"https:\/\/www.adondequierenir.com\/#website\"},\"datePublished\":\"2013-07-18T05:19:56+00:00\",\"breadcrumb\":{\"@id\":\"https:\/\/www.adondequierenir.com\/index.php\/teatro-salamandra\/#breadcrumb\"},\"inLanguage\":\"es-CO\",\"potentialAction\":[{\"@type\":\"ReadAction\",\"target\":[\"https:\/\/www.adondequierenir.com\/index.php\/teatro-salamandra\/\"]}]},{\"@type\":\"BreadcrumbList\",\"@id\":\"https:\/\/www.adondequierenir.com\/index.php\/teatro-salamandra\/#breadcrumb\",\"itemListElement\":[{\"@type\":\"ListItem\",\"position\":1,\"name\":\"Inicio\",\"item\":\"https:\/\/www.adondequierenir.com\/\"},{\"@type\":\"ListItem\",\"position\":2,\"name\":\"Teatro Salamandra Cali\"}]},{\"@type\":\"WebSite\",\"@id\":\"https:\/\/www.adondequierenir.com\/#website\",\"url\":\"https:\/\/www.adondequierenir.com\/\",\"name\":\"Bienvenido a Adondequierenir.com\",\"description\":\"\",\"publisher\":{\"@id\":\"https:\/\/www.adondequierenir.com\/#\/schema\/person\/83485548bc9e14e5d02478eab46f9302\"},\"potentialAction\":[{\"@type\":\"SearchAction\",\"target\":{\"@type\":\"EntryPoint\",\"urlTemplate\":\"https:\/\/www.adondequierenir.com\/?s={search_term_string}\"},\"query-input\":{\"@type\":\"PropertyValueSpecification\",\"valueRequired\":true,\"valueName\":\"search_term_string\"}}],\"inLanguage\":\"es-CO\"},{\"@type\":[\"Person\",\"Organization\"],\"@id\":\"https:\/\/www.adondequierenir.com\/#\/schema\/person\/83485548bc9e14e5d02478eab46f9302\",\"name\":\"p@m@rt1n\",\"image\":{\"@type\":\"ImageObject\",\"inLanguage\":\"es-CO\",\"@id\":\"https:\/\/www.adondequierenir.com\/#\/schema\/person\/image\/\",\"url\":\"https:\/\/www.adondequierenir.com\/wp-content\/uploads\/2023\/11\/59132335-e1e2-4bf2-8d9a-1993d6e55eac.jpeg\",\"contentUrl\":\"https:\/\/www.adondequierenir.com\/wp-content\/uploads\/2023\/11\/59132335-e1e2-4bf2-8d9a-1993d6e55eac.jpeg\",\"width\":1024,\"height\":1024,\"caption\":\"p@m@rt1n\"},\"logo\":{\"@id\":\"https:\/\/www.adondequierenir.com\/#\/schema\/person\/image\/\"},\"sameAs\":[\"https:\/\/www.adondequierenir.com\",\"https:\/\/www.facebook.com\/adonde.q.ir\"]}]}<\/script>\n<!-- \/ Yoast SEO plugin. -->","yoast_head_json":{"title":"Teatro Salamandra Cali - Bienvenido a Adondequierenir.com","robots":{"index":"index","follow":"follow","max-snippet":"max-snippet:-1","max-image-preview":"max-image-preview:large","max-video-preview":"max-video-preview:-1"},"canonical":"https:\/\/www.adondequierenir.com\/index.php\/teatro-salamandra\/","og_locale":"es_ES","og_type":"article","og_title":"Teatro Salamandra Cali - Bienvenido a Adondequierenir.com","og_description":"PROGRAMACI\u00d2N 2018 \u00a1PROGR\u00c1MATE PARA ESTE FIN DE SEMANA! Este VIERNES 24 a las 7:30 pm tendremos la obra de teatro performativo &#8220;MUJER EN LUCHA &#8211; MUJER EN GUERRA&#8221; dirigida, escrita y actuada por Oriana del &hellip;","og_url":"https:\/\/www.adondequierenir.com\/index.php\/teatro-salamandra\/","og_site_name":"Bienvenido a Adondequierenir.com","article_publisher":"https:\/\/www.facebook.com\/adonde.q.ir","twitter_card":"summary_large_image","twitter_misc":{"Tiempo de lectura":"1 minuto"},"schema":{"@context":"https:\/\/schema.org","@graph":[{"@type":"WebPage","@id":"https:\/\/www.adondequierenir.com\/index.php\/teatro-salamandra\/","url":"https:\/\/www.adondequierenir.com\/index.php\/teatro-salamandra\/","name":"Teatro Salamandra Cali - Bienvenido a Adondequierenir.com","isPartOf":{"@id":"https:\/\/www.adondequierenir.com\/#website"},"datePublished":"2013-07-18T05:19:56+00:00","breadcrumb":{"@id":"https:\/\/www.adondequierenir.com\/index.php\/teatro-salamandra\/#breadcrumb"},"inLanguage":"es-CO","potentialAction":[{"@type":"ReadAction","target":["https:\/\/www.adondequierenir.com\/index.php\/teatro-salamandra\/"]}]},{"@type":"BreadcrumbList","@id":"https:\/\/www.adondequierenir.com\/index.php\/teatro-salamandra\/#breadcrumb","itemListElement":[{"@type":"ListItem","position":1,"name":"Inicio","item":"https:\/\/www.adondequierenir.com\/"},{"@type":"ListItem","position":2,"name":"Teatro Salamandra Cali"}]},{"@type":"WebSite","@id":"https:\/\/www.adondequierenir.com\/#website","url":"https:\/\/www.adondequierenir.com\/","name":"Bienvenido a Adondequierenir.com","description":"","publisher":{"@id":"https:\/\/www.adondequierenir.com\/#\/schema\/person\/83485548bc9e14e5d02478eab46f9302"},"potentialAction":[{"@type":"SearchAction","target":{"@type":"EntryPoint","urlTemplate":"https:\/\/www.adondequierenir.com\/?s={search_term_string}"},"query-input":{"@type":"PropertyValueSpecification","valueRequired":true,"valueName":"search_term_string"}}],"inLanguage":"es-CO"},{"@type":["Person","Organization"],"@id":"https:\/\/www.adondequierenir.com\/#\/schema\/person\/83485548bc9e14e5d02478eab46f9302","name":"p@m@rt1n","image":{"@type":"ImageObject","inLanguage":"es-CO","@id":"https:\/\/www.adondequierenir.com\/#\/schema\/person\/image\/","url":"https:\/\/www.adondequierenir.com\/wp-content\/uploads\/2023\/11\/59132335-e1e2-4bf2-8d9a-1993d6e55eac.jpeg","contentUrl":"https:\/\/www.adondequierenir.com\/wp-content\/uploads\/2023\/11\/59132335-e1e2-4bf2-8d9a-1993d6e55eac.jpeg","width":1024,"height":1024,"caption":"p@m@rt1n"},"logo":{"@id":"https:\/\/www.adondequierenir.com\/#\/schema\/person\/image\/"},"sameAs":["https:\/\/www.adondequierenir.com","https:\/\/www.facebook.com\/adonde.q.ir"]}]}},"_links":{"self":[{"href":"https:\/\/www.adondequierenir.com\/index.php\/wp-json\/wp\/v2\/pages\/83","targetHints":{"allow":["GET"]}}],"collection":[{"href":"https:\/\/www.adondequierenir.com\/index.php\/wp-json\/wp\/v2\/pages"}],"about":[{"href":"https:\/\/www.adondequierenir.com\/index.php\/wp-json\/wp\/v2\/types\/page"}],"author":[{"embeddable":true,"href":"https:\/\/www.adondequierenir.com\/index.php\/wp-json\/wp\/v2\/users\/1"}],"replies":[{"embeddable":true,"href":"https:\/\/www.adondequierenir.com\/index.php\/wp-json\/wp\/v2\/comments?post=83"}],"version-history":[{"count":0,"href":"https:\/\/www.adondequierenir.com\/index.php\/wp-json\/wp\/v2\/pages\/83\/revisions"}],"wp:attachment":[{"href":"https:\/\/www.adondequierenir.com\/index.php\/wp-json\/wp\/v2\/media?parent=83"}],"curies":[{"name":"wp","href":"https:\/\/api.w.org\/{rel}","templated":true}]}}