{"id":97,"date":"2013-09-12T13:03:57","date_gmt":"2013-09-12T18:03:57","guid":{"rendered":"https:\/\/www.adondequierenir.com\/index.php\/casa-proartes-cali\/"},"modified":"2013-09-12T13:03:57","modified_gmt":"2013-09-12T18:03:57","slug":"casa-proartes-cali","status":"publish","type":"page","link":"https:\/\/www.adondequierenir.com\/index.php\/casa-proartes-cali\/","title":{"rendered":"Casa Proartes Cali"},"content":{"rendered":"<p><strong>Proartes<\/strong><\/p>\n<p><img decoding=\"async\" src=\"images\/2015\/abril\/casaproartes2.jpg\" alt=\"\" \/><\/p>\n<p>Creada en 1979 por un grupo de personas amantes de la cultura y convencidas de que en las bellas artes se encuentran las mejores expresiones creativas del ser humano. La Asociaci\u00f3n para la Promoci\u00f3n de las Artes PROARTES, Instituci\u00f3n sin \u00e1nimo de lucro tiene como objetivo principal promocionar las artes y las letras tanto a nivel local como nacional.<\/p>\n<p><!--more--><\/p>\n<p>Para llevar a cabo sus fines, la entidad se ha dedicado a adelantar actividades que dejen un patrimonio permanente para Cali y la Cultura en general; liderar procesos socio-culturales en interrelaci\u00f3n con diferentes instituciones privadas y oficiales, impulsar programas de difusi\u00f3n art\u00edstica y cultural desde la ni\u00f1ez; promocionar tambi\u00e9n sus agrupaciones y organizaciones; realizar presentaciones de alta calidad art\u00edstica y prestar servicios de informaci\u00f3n y asesor\u00eda sobre dise\u00f1o e implementaci\u00f3n de programaciones culturales.<\/p>\n<p>Durante estos a\u00f1os de funcionamiento, adem\u00e1s de las presentaciones de destacados grupos y artistas nacionales e internacionales, Proartes ha logrado consolidar proyectos de importancia y trascendencia en la ciudad, regi\u00f3n y pa\u00eds.<\/p>\n<p><img decoding=\"async\" style=\"display: block; margin-left: auto; margin-right: auto;\" src=\"images\/images_articulos\/casa_proartes_cali.jpg\" alt=\"\" \/><\/p>\n<p>Asociaci\u00f3n para la promoci\u00f3n de las Artes<br \/>Carrera 5 N\u00ba 7 &#8211; 02 Cali, Colombia<br \/>Tes: +57 (2) 885 1179 \u00f3 885 1181<\/p>\n<p>\u00a0<\/p>\n","protected":false},"excerpt":{"rendered":"<p>Proartes Creada en 1979 por un grupo de personas amantes de la cultura y convencidas de que en las bellas artes se encuentran las mejores expresiones creativas del ser humano. La Asociaci\u00f3n para la Promoci\u00f3n &hellip; <\/p>\n","protected":false},"author":1,"featured_media":0,"parent":0,"menu_order":6,"comment_status":"closed","ping_status":"closed","template":"","meta":{"footnotes":""},"class_list":["post-97","page","type-page","status-publish","hentry"],"yoast_head":"<!-- This site is optimized with the Yoast SEO plugin v26.8 - https:\/\/yoast.com\/product\/yoast-seo-wordpress\/ -->\n<title>Casa Proartes Cali - Bienvenido a Adondequierenir.com<\/title>\n<meta name=\"robots\" content=\"index, follow, max-snippet:-1, max-image-preview:large, max-video-preview:-1\" \/>\n<link rel=\"canonical\" href=\"https:\/\/www.adondequierenir.com\/index.php\/casa-proartes-cali\/\" \/>\n<meta property=\"og:locale\" content=\"es_ES\" \/>\n<meta property=\"og:type\" content=\"article\" \/>\n<meta property=\"og:title\" content=\"Casa Proartes Cali - Bienvenido a Adondequierenir.com\" \/>\n<meta property=\"og:description\" content=\"Proartes Creada en 1979 por un grupo de personas amantes de la cultura y convencidas de que en las bellas artes se encuentran las mejores expresiones creativas del ser humano. La Asociaci\u00f3n para la Promoci\u00f3n &hellip;\" \/>\n<meta property=\"og:url\" content=\"https:\/\/www.adondequierenir.com\/index.php\/casa-proartes-cali\/\" \/>\n<meta property=\"og:site_name\" content=\"Bienvenido a Adondequierenir.com\" \/>\n<meta property=\"article:publisher\" content=\"https:\/\/www.facebook.com\/adonde.q.ir\" \/>\n<meta name=\"twitter:card\" content=\"summary_large_image\" \/>\n<meta name=\"twitter:label1\" content=\"Tiempo de lectura\" \/>\n\t<meta name=\"twitter:data1\" content=\"1 minuto\" \/>\n<script type=\"application\/ld+json\" class=\"yoast-schema-graph\">{\"@context\":\"https:\/\/schema.org\",\"@graph\":[{\"@type\":\"WebPage\",\"@id\":\"https:\/\/www.adondequierenir.com\/index.php\/casa-proartes-cali\/\",\"url\":\"https:\/\/www.adondequierenir.com\/index.php\/casa-proartes-cali\/\",\"name\":\"Casa Proartes Cali - Bienvenido a Adondequierenir.com\",\"isPartOf\":{\"@id\":\"https:\/\/www.adondequierenir.com\/#website\"},\"datePublished\":\"2013-09-12T18:03:57+00:00\",\"breadcrumb\":{\"@id\":\"https:\/\/www.adondequierenir.com\/index.php\/casa-proartes-cali\/#breadcrumb\"},\"inLanguage\":\"es-CO\",\"potentialAction\":[{\"@type\":\"ReadAction\",\"target\":[\"https:\/\/www.adondequierenir.com\/index.php\/casa-proartes-cali\/\"]}]},{\"@type\":\"BreadcrumbList\",\"@id\":\"https:\/\/www.adondequierenir.com\/index.php\/casa-proartes-cali\/#breadcrumb\",\"itemListElement\":[{\"@type\":\"ListItem\",\"position\":1,\"name\":\"Inicio\",\"item\":\"https:\/\/www.adondequierenir.com\/\"},{\"@type\":\"ListItem\",\"position\":2,\"name\":\"Casa Proartes Cali\"}]},{\"@type\":\"WebSite\",\"@id\":\"https:\/\/www.adondequierenir.com\/#website\",\"url\":\"https:\/\/www.adondequierenir.com\/\",\"name\":\"Bienvenido a Adondequierenir.com\",\"description\":\"\",\"publisher\":{\"@id\":\"https:\/\/www.adondequierenir.com\/#\/schema\/person\/83485548bc9e14e5d02478eab46f9302\"},\"potentialAction\":[{\"@type\":\"SearchAction\",\"target\":{\"@type\":\"EntryPoint\",\"urlTemplate\":\"https:\/\/www.adondequierenir.com\/?s={search_term_string}\"},\"query-input\":{\"@type\":\"PropertyValueSpecification\",\"valueRequired\":true,\"valueName\":\"search_term_string\"}}],\"inLanguage\":\"es-CO\"},{\"@type\":[\"Person\",\"Organization\"],\"@id\":\"https:\/\/www.adondequierenir.com\/#\/schema\/person\/83485548bc9e14e5d02478eab46f9302\",\"name\":\"p@m@rt1n\",\"image\":{\"@type\":\"ImageObject\",\"inLanguage\":\"es-CO\",\"@id\":\"https:\/\/www.adondequierenir.com\/#\/schema\/person\/image\/\",\"url\":\"https:\/\/www.adondequierenir.com\/wp-content\/uploads\/2023\/11\/59132335-e1e2-4bf2-8d9a-1993d6e55eac.jpeg\",\"contentUrl\":\"https:\/\/www.adondequierenir.com\/wp-content\/uploads\/2023\/11\/59132335-e1e2-4bf2-8d9a-1993d6e55eac.jpeg\",\"width\":1024,\"height\":1024,\"caption\":\"p@m@rt1n\"},\"logo\":{\"@id\":\"https:\/\/www.adondequierenir.com\/#\/schema\/person\/image\/\"},\"sameAs\":[\"https:\/\/www.adondequierenir.com\",\"https:\/\/www.facebook.com\/adonde.q.ir\"]}]}<\/script>\n<!-- \/ Yoast SEO plugin. -->","yoast_head_json":{"title":"Casa Proartes Cali - Bienvenido a Adondequierenir.com","robots":{"index":"index","follow":"follow","max-snippet":"max-snippet:-1","max-image-preview":"max-image-preview:large","max-video-preview":"max-video-preview:-1"},"canonical":"https:\/\/www.adondequierenir.com\/index.php\/casa-proartes-cali\/","og_locale":"es_ES","og_type":"article","og_title":"Casa Proartes Cali - Bienvenido a Adondequierenir.com","og_description":"Proartes Creada en 1979 por un grupo de personas amantes de la cultura y convencidas de que en las bellas artes se encuentran las mejores expresiones creativas del ser humano. La Asociaci\u00f3n para la Promoci\u00f3n &hellip;","og_url":"https:\/\/www.adondequierenir.com\/index.php\/casa-proartes-cali\/","og_site_name":"Bienvenido a Adondequierenir.com","article_publisher":"https:\/\/www.facebook.com\/adonde.q.ir","twitter_card":"summary_large_image","twitter_misc":{"Tiempo de lectura":"1 minuto"},"schema":{"@context":"https:\/\/schema.org","@graph":[{"@type":"WebPage","@id":"https:\/\/www.adondequierenir.com\/index.php\/casa-proartes-cali\/","url":"https:\/\/www.adondequierenir.com\/index.php\/casa-proartes-cali\/","name":"Casa Proartes Cali - Bienvenido a Adondequierenir.com","isPartOf":{"@id":"https:\/\/www.adondequierenir.com\/#website"},"datePublished":"2013-09-12T18:03:57+00:00","breadcrumb":{"@id":"https:\/\/www.adondequierenir.com\/index.php\/casa-proartes-cali\/#breadcrumb"},"inLanguage":"es-CO","potentialAction":[{"@type":"ReadAction","target":["https:\/\/www.adondequierenir.com\/index.php\/casa-proartes-cali\/"]}]},{"@type":"BreadcrumbList","@id":"https:\/\/www.adondequierenir.com\/index.php\/casa-proartes-cali\/#breadcrumb","itemListElement":[{"@type":"ListItem","position":1,"name":"Inicio","item":"https:\/\/www.adondequierenir.com\/"},{"@type":"ListItem","position":2,"name":"Casa Proartes Cali"}]},{"@type":"WebSite","@id":"https:\/\/www.adondequierenir.com\/#website","url":"https:\/\/www.adondequierenir.com\/","name":"Bienvenido a Adondequierenir.com","description":"","publisher":{"@id":"https:\/\/www.adondequierenir.com\/#\/schema\/person\/83485548bc9e14e5d02478eab46f9302"},"potentialAction":[{"@type":"SearchAction","target":{"@type":"EntryPoint","urlTemplate":"https:\/\/www.adondequierenir.com\/?s={search_term_string}"},"query-input":{"@type":"PropertyValueSpecification","valueRequired":true,"valueName":"search_term_string"}}],"inLanguage":"es-CO"},{"@type":["Person","Organization"],"@id":"https:\/\/www.adondequierenir.com\/#\/schema\/person\/83485548bc9e14e5d02478eab46f9302","name":"p@m@rt1n","image":{"@type":"ImageObject","inLanguage":"es-CO","@id":"https:\/\/www.adondequierenir.com\/#\/schema\/person\/image\/","url":"https:\/\/www.adondequierenir.com\/wp-content\/uploads\/2023\/11\/59132335-e1e2-4bf2-8d9a-1993d6e55eac.jpeg","contentUrl":"https:\/\/www.adondequierenir.com\/wp-content\/uploads\/2023\/11\/59132335-e1e2-4bf2-8d9a-1993d6e55eac.jpeg","width":1024,"height":1024,"caption":"p@m@rt1n"},"logo":{"@id":"https:\/\/www.adondequierenir.com\/#\/schema\/person\/image\/"},"sameAs":["https:\/\/www.adondequierenir.com","https:\/\/www.facebook.com\/adonde.q.ir"]}]}},"_links":{"self":[{"href":"https:\/\/www.adondequierenir.com\/index.php\/wp-json\/wp\/v2\/pages\/97","targetHints":{"allow":["GET"]}}],"collection":[{"href":"https:\/\/www.adondequierenir.com\/index.php\/wp-json\/wp\/v2\/pages"}],"about":[{"href":"https:\/\/www.adondequierenir.com\/index.php\/wp-json\/wp\/v2\/types\/page"}],"author":[{"embeddable":true,"href":"https:\/\/www.adondequierenir.com\/index.php\/wp-json\/wp\/v2\/users\/1"}],"replies":[{"embeddable":true,"href":"https:\/\/www.adondequierenir.com\/index.php\/wp-json\/wp\/v2\/comments?post=97"}],"version-history":[{"count":0,"href":"https:\/\/www.adondequierenir.com\/index.php\/wp-json\/wp\/v2\/pages\/97\/revisions"}],"wp:attachment":[{"href":"https:\/\/www.adondequierenir.com\/index.php\/wp-json\/wp\/v2\/media?parent=97"}],"curies":[{"name":"wp","href":"https:\/\/api.w.org\/{rel}","templated":true}]}}